{"id":102046,"date":"2026-05-13T09:35:05","date_gmt":"2026-05-13T08:35:05","guid":{"rendered":"https:\/\/hardwarexchange.shop\/produit\/butee-de-porte-en-bois-chene-49x38-mm-lot-de-24-pieces-marron\/"},"modified":"2026-05-13T13:40:03","modified_gmt":"2026-05-13T12:40:03","slug":"butee-de-porte-en-bois-chene-49x38-mm-lot-de-24-pieces-marron","status":"publish","type":"product","link":"https:\/\/hardwarexchange.shop\/es\/produit\/butee-de-porte-en-bois-chene-49x38-mm-lot-de-24-pieces-marron\/","title":{"rendered":"But\u00e9e de porte en bois ch\u00e9ne 49&#215;38 mm lot de 24 pi\u00e9ces &#8211; Marron"},"content":{"rendered":"\n<p>But\u00e9e de porte en bois ch\u00e9ne 49&#215;38 mm lot de 24 pi\u00e9ces<br>Ajoutez une touche d\u2019\u00e9l\u00e9gance \u00e0 vos meubles avec ce lot, d\u2019articles de qualit\u00e9s, produit en Espagne, aux meilleurs prix<br>Ces produits d\u2019ameublement allient charme et robustesse<br>Id\u00e9als pour relooker une commode, une armoire ou des placards de cuisine, ils s\u2019int\u00e8grent parfaitement dans une d\u00e9coration a votre gout<br>Facile \u00e0 installer, adh\u00e9sifs extra forts.<\/p>\n","protected":false},"excerpt":{"rendered":"<p>But\u00e9e de porte en bois ch\u00e9ne 49&#215;38 mm lot de 24 pi\u00e9cesAjoutez une touche d\u2019\u00e9l\u00e9gance \u00e0 vos meubles avec ce lot, d\u2019articles de qualit\u00e9s, produit en Espagne, aux meilleurs prixCes produits d\u2019ameublement allient charme et robustesseId\u00e9als pour relooker une commode, une armoire ou des placards de cuisine, ils s\u2019int\u00e8grent parfaitement dans une d\u00e9coration a votre [&hellip;]<\/p>\n","protected":false},"featured_media":54377,"template":"","meta":{"_acf_changed":false},"product_brand":[],"product_cat":[2320,2281,378],"product_tag":[],"class_list":{"0":"post-102046","1":"product","2":"type-product","3":"status-publish","4":"has-post-thumbnail","6":"product_cat-butee-de-porte-bloque-porte","7":"product_cat-pour-la-porte","8":"product_cat-quincaillerie","9":"product_shipping_class-xsxxs","10":"pa_couleur-marron","11":"pa_materiau-bois","13":"first","14":"instock","15":"purchasable","16":"product-type-simple"},"acf":[],"_links":{"self":[{"href":"https:\/\/hardwarexchange.shop\/es\/wp-json\/wp\/v2\/product\/102046","targetHints":{"allow":["GET"]}}],"collection":[{"href":"https:\/\/hardwarexchange.shop\/es\/wp-json\/wp\/v2\/product"}],"about":[{"href":"https:\/\/hardwarexchange.shop\/es\/wp-json\/wp\/v2\/types\/product"}],"wp:featuredmedia":[{"embeddable":true,"href":"https:\/\/hardwarexchange.shop\/es\/wp-json\/wp\/v2\/media\/54377"}],"wp:attachment":[{"href":"https:\/\/hardwarexchange.shop\/es\/wp-json\/wp\/v2\/media?parent=102046"}],"wp:term":[{"taxonomy":"product_brand","embeddable":true,"href":"https:\/\/hardwarexchange.shop\/es\/wp-json\/wp\/v2\/product_brand?post=102046"},{"taxonomy":"product_cat","embeddable":true,"href":"https:\/\/hardwarexchange.shop\/es\/wp-json\/wp\/v2\/product_cat?post=102046"},{"taxonomy":"product_tag","embeddable":true,"href":"https:\/\/hardwarexchange.shop\/es\/wp-json\/wp\/v2\/product_tag?post=102046"}],"curies":[{"name":"wp","href":"https:\/\/api.w.org\/{rel}","templated":true}]}}