{"id":102062,"date":"2026-05-13T09:35:17","date_gmt":"2026-05-13T08:35:17","guid":{"rendered":"https:\/\/hardwarexchange.shop\/produit\/butee-de-porte-en-bois-lacque-noir-diametre-37-mm-lot-de-30-pieces-2\/"},"modified":"2026-05-13T13:40:06","modified_gmt":"2026-05-13T12:40:06","slug":"butee-de-porte-en-bois-lacque-noir-diametre-37-mm-lot-de-30-pieces-2","status":"publish","type":"product","link":"https:\/\/hardwarexchange.shop\/es\/produit\/butee-de-porte-en-bois-lacque-noir-diametre-37-mm-lot-de-30-pieces-2\/","title":{"rendered":"But\u00e9e de porte en bois lacqu\u00e9 noir diam\u00e8tre 37 mm lot de 30 pi\u00e9ces"},"content":{"rendered":"\n<p>But\u00e9e de porte en bois lacqu\u00e9 noir diam\u00e8tre 37 mm lot de 30 pi\u00e9ces  <br>Ajoutez une touche d\u2019\u00e9l\u00e9gance \u00e0 vos meubles avec ce lot, d\u2019articles de qualit\u00e9s, produit en Espagne, aux meilleurs prix<br>Ces produits d\u2019ameublement allient charme et robustesse<br>Id\u00e9als pour relooker une commode, une armoire ou des placards de cuisine, ils s\u2019int\u00e8grent parfaitement dans une d\u00e9coration a votre gout<br>Facile \u00e0 installer, adh\u00e9sifs extra forts.<\/p>\n","protected":false},"excerpt":{"rendered":"<p>But\u00e9e de porte en bois lacqu\u00e9 noir diam\u00e8tre 37 mm lot de 30 pi\u00e9ces Ajoutez une touche d\u2019\u00e9l\u00e9gance \u00e0 vos meubles avec ce lot, d\u2019articles de qualit\u00e9s, produit en Espagne, aux meilleurs prixCes produits d\u2019ameublement allient charme et robustesseId\u00e9als pour relooker une commode, une armoire ou des placards de cuisine, ils s\u2019int\u00e8grent parfaitement dans une [&hellip;]<\/p>\n","protected":false},"featured_media":52448,"template":"","meta":{"_acf_changed":false},"product_brand":[],"product_cat":[2320,2281,378],"product_tag":[],"class_list":{"0":"post-102062","1":"product","2":"type-product","3":"status-publish","4":"has-post-thumbnail","6":"product_cat-butee-de-porte-bloque-porte","7":"product_cat-pour-la-porte","8":"product_cat-quincaillerie","9":"product_shipping_class-xsxxs","10":"pa_couleur-noir","11":"pa_materiau-bois","13":"first","14":"instock","15":"purchasable","16":"product-type-simple"},"acf":[],"_links":{"self":[{"href":"https:\/\/hardwarexchange.shop\/es\/wp-json\/wp\/v2\/product\/102062","targetHints":{"allow":["GET"]}}],"collection":[{"href":"https:\/\/hardwarexchange.shop\/es\/wp-json\/wp\/v2\/product"}],"about":[{"href":"https:\/\/hardwarexchange.shop\/es\/wp-json\/wp\/v2\/types\/product"}],"wp:featuredmedia":[{"embeddable":true,"href":"https:\/\/hardwarexchange.shop\/es\/wp-json\/wp\/v2\/media\/52448"}],"wp:attachment":[{"href":"https:\/\/hardwarexchange.shop\/es\/wp-json\/wp\/v2\/media?parent=102062"}],"wp:term":[{"taxonomy":"product_brand","embeddable":true,"href":"https:\/\/hardwarexchange.shop\/es\/wp-json\/wp\/v2\/product_brand?post=102062"},{"taxonomy":"product_cat","embeddable":true,"href":"https:\/\/hardwarexchange.shop\/es\/wp-json\/wp\/v2\/product_cat?post=102062"},{"taxonomy":"product_tag","embeddable":true,"href":"https:\/\/hardwarexchange.shop\/es\/wp-json\/wp\/v2\/product_tag?post=102062"}],"curies":[{"name":"wp","href":"https:\/\/api.w.org\/{rel}","templated":true}]}}