{"id":106493,"date":"2026-05-13T11:07:03","date_gmt":"2026-05-13T10:07:03","guid":{"rendered":"https:\/\/hardwarexchange.shop\/produit\/poignee-de-meuble-profil-en-aluminium-entraxe-197x1155x40mm-blanc-mat-lot-de-25\/"},"modified":"2026-05-13T13:59:57","modified_gmt":"2026-05-13T12:59:57","slug":"poignee-de-meuble-profil-en-aluminium-entraxe-197x1155x40mm-blanc-mat-lot-de-25","status":"publish","type":"product","link":"https:\/\/hardwarexchange.shop\/es\/produit\/poignee-de-meuble-profil-en-aluminium-entraxe-197x1155x40mm-blanc-mat-lot-de-25\/","title":{"rendered":"Poign\u00e9e de meuble profil en aluminium Entraxe 197x1155x40mm Blanc Mat Lot de 25"},"content":{"rendered":"\n<p>Poign\u00e9e de meuble profil en aluminium Entraxe 197 1155x40mm  Id\u00e9ale pour moderniser un meuble Ligne \u00e9pur\u00e9e prise en main confortable et installation simple Finition Blanc Mat Lot de 25<\/p>\n","protected":false},"excerpt":{"rendered":"<p>Poign\u00e9e de meuble profil en aluminium Entraxe 197 1155x40mm Id\u00e9ale pour moderniser un meuble Ligne \u00e9pur\u00e9e prise en main confortable et installation simple Finition Blanc Mat Lot de 25<\/p>\n","protected":false},"featured_media":106494,"template":"","meta":{"_acf_changed":false},"product_brand":[],"product_cat":[2325,2360,2283,378],"product_tag":[],"class_list":{"0":"post-106493","1":"product","2":"type-product","3":"status-publish","4":"has-post-thumbnail","6":"product_cat-bouton-et-poignee-de-meuble","7":"product_cat-poignee","8":"product_cat-pour-le-meuble","9":"product_cat-quincaillerie","10":"product_shipping_class-free","11":"pa_couleur-blanc","12":"pa_materiau-aluminium","14":"first","15":"instock","16":"purchasable","17":"product-type-simple"},"acf":[],"_links":{"self":[{"href":"https:\/\/hardwarexchange.shop\/es\/wp-json\/wp\/v2\/product\/106493","targetHints":{"allow":["GET"]}}],"collection":[{"href":"https:\/\/hardwarexchange.shop\/es\/wp-json\/wp\/v2\/product"}],"about":[{"href":"https:\/\/hardwarexchange.shop\/es\/wp-json\/wp\/v2\/types\/product"}],"wp:featuredmedia":[{"embeddable":true,"href":"https:\/\/hardwarexchange.shop\/es\/wp-json\/wp\/v2\/media\/106494"}],"wp:attachment":[{"href":"https:\/\/hardwarexchange.shop\/es\/wp-json\/wp\/v2\/media?parent=106493"}],"wp:term":[{"taxonomy":"product_brand","embeddable":true,"href":"https:\/\/hardwarexchange.shop\/es\/wp-json\/wp\/v2\/product_brand?post=106493"},{"taxonomy":"product_cat","embeddable":true,"href":"https:\/\/hardwarexchange.shop\/es\/wp-json\/wp\/v2\/product_cat?post=106493"},{"taxonomy":"product_tag","embeddable":true,"href":"https:\/\/hardwarexchange.shop\/es\/wp-json\/wp\/v2\/product_tag?post=106493"}],"curies":[{"name":"wp","href":"https:\/\/api.w.org\/{rel}","templated":true}]}}