{"id":106687,"date":"2026-05-13T11:10:48","date_gmt":"2026-05-13T10:10:48","guid":{"rendered":"https:\/\/hardwarexchange.shop\/produit\/poignee-de-meuble-profil-en-aluminium-entraxe-247x16x40mm-noir-mat\/"},"modified":"2026-05-13T14:01:05","modified_gmt":"2026-05-13T13:01:05","slug":"poignee-de-meuble-profil-en-aluminium-entraxe-247x16x40mm-noir-mat","status":"publish","type":"product","link":"https:\/\/hardwarexchange.shop\/es\/produit\/poignee-de-meuble-profil-en-aluminium-entraxe-247x16x40mm-noir-mat\/","title":{"rendered":"Poign\u00e9e de meuble profil en aluminium Entraxe 247x16x40mm Noir Mat"},"content":{"rendered":"\n<p>Poign\u00e9e de meuble profil en aluminium Entraxe 247 16x40mm  Id\u00e9ale pour moderniser un meuble Ligne \u00e9pur\u00e9e prise en main confortable et installation simple Finition Noir Mat<\/p>\n","protected":false},"excerpt":{"rendered":"<p>Poign\u00e9e de meuble profil en aluminium Entraxe 247 16x40mm Id\u00e9ale pour moderniser un meuble Ligne \u00e9pur\u00e9e prise en main confortable et installation simple Finition Noir Mat<\/p>\n","protected":false},"featured_media":106456,"template":"","meta":{"_acf_changed":false},"product_brand":[],"product_cat":[2325,2360,2283,378],"product_tag":[],"class_list":{"0":"post-106687","1":"product","2":"type-product","3":"status-publish","4":"has-post-thumbnail","6":"product_cat-bouton-et-poignee-de-meuble","7":"product_cat-poignee","8":"product_cat-pour-le-meuble","9":"product_cat-quincaillerie","10":"product_shipping_class-xsxxs","11":"pa_couleur-noir","12":"pa_materiau-aluminium","14":"first","15":"instock","16":"purchasable","17":"product-type-simple"},"acf":[],"_links":{"self":[{"href":"https:\/\/hardwarexchange.shop\/es\/wp-json\/wp\/v2\/product\/106687","targetHints":{"allow":["GET"]}}],"collection":[{"href":"https:\/\/hardwarexchange.shop\/es\/wp-json\/wp\/v2\/product"}],"about":[{"href":"https:\/\/hardwarexchange.shop\/es\/wp-json\/wp\/v2\/types\/product"}],"wp:featuredmedia":[{"embeddable":true,"href":"https:\/\/hardwarexchange.shop\/es\/wp-json\/wp\/v2\/media\/106456"}],"wp:attachment":[{"href":"https:\/\/hardwarexchange.shop\/es\/wp-json\/wp\/v2\/media?parent=106687"}],"wp:term":[{"taxonomy":"product_brand","embeddable":true,"href":"https:\/\/hardwarexchange.shop\/es\/wp-json\/wp\/v2\/product_brand?post=106687"},{"taxonomy":"product_cat","embeddable":true,"href":"https:\/\/hardwarexchange.shop\/es\/wp-json\/wp\/v2\/product_cat?post=106687"},{"taxonomy":"product_tag","embeddable":true,"href":"https:\/\/hardwarexchange.shop\/es\/wp-json\/wp\/v2\/product_tag?post=106687"}],"curies":[{"name":"wp","href":"https:\/\/api.w.org\/{rel}","templated":true}]}}