{"id":107974,"date":"2026-05-13T11:31:51","date_gmt":"2026-05-13T10:31:51","guid":{"rendered":"https:\/\/hardwarexchange.shop\/produit\/poignee-de-meuble-entraxe-128-mm-peint-pistache-lot-de-24-pieces-vert-abs\/"},"modified":"2026-05-13T14:05:22","modified_gmt":"2026-05-13T13:05:22","slug":"poignee-de-meuble-entraxe-128-mm-peint-pistache-lot-de-24-pieces-vert-abs","status":"publish","type":"product","link":"https:\/\/hardwarexchange.shop\/es\/produit\/poignee-de-meuble-entraxe-128-mm-peint-pistache-lot-de-24-pieces-vert-abs\/","title":{"rendered":"Poign\u00e9e de meuble entraxe  128 mm peint pistache lot de 24 pi\u00e9ces &#8211; Vert, ABS"},"content":{"rendered":"\n<p>Poign\u00e9e de meuble entraxe  128 mm peint pistache lot de 24 pi\u00e9ces<br>Ajoutez une touche d\u2019\u00e9l\u00e9gance \u00e0 vos meubles avec ce lot, d\u2019articles de qualit\u00e9s, produit en Espagne, aux meilleurs prix<br>Ces produits d\u2019ameublement allient charme et robustesse<br>Id\u00e9als pour relooker une commode, une armoire ou des placards de cuisine, ils s\u2019int\u00e8grent parfaitement dans une d\u00e9coration a votre gout<br>Faciles \u00e0 installer, ils sont livr\u00e9s avec vis de fixation.<\/p>\n","protected":false},"excerpt":{"rendered":"<p>Poign\u00e9e de meuble entraxe 128 mm peint pistache lot de 24 pi\u00e9cesAjoutez une touche d\u2019\u00e9l\u00e9gance \u00e0 vos meubles avec ce lot, d\u2019articles de qualit\u00e9s, produit en Espagne, aux meilleurs prixCes produits d\u2019ameublement allient charme et robustesseId\u00e9als pour relooker une commode, une armoire ou des placards de cuisine, ils s\u2019int\u00e8grent parfaitement dans une d\u00e9coration a votre [&hellip;]<\/p>\n","protected":false},"featured_media":54419,"template":"","meta":{"_acf_changed":false},"product_brand":[],"product_cat":[2325,2360,2283,378],"product_tag":[],"class_list":{"0":"post-107974","1":"product","2":"type-product","3":"status-publish","4":"has-post-thumbnail","6":"product_cat-bouton-et-poignee-de-meuble","7":"product_cat-poignee","8":"product_cat-pour-le-meuble","9":"product_cat-quincaillerie","10":"product_shipping_class-xsxxs","11":"pa_couleur-vert","12":"pa_materiau-abs","14":"first","15":"instock","16":"purchasable","17":"product-type-simple"},"acf":[],"_links":{"self":[{"href":"https:\/\/hardwarexchange.shop\/es\/wp-json\/wp\/v2\/product\/107974","targetHints":{"allow":["GET"]}}],"collection":[{"href":"https:\/\/hardwarexchange.shop\/es\/wp-json\/wp\/v2\/product"}],"about":[{"href":"https:\/\/hardwarexchange.shop\/es\/wp-json\/wp\/v2\/types\/product"}],"wp:featuredmedia":[{"embeddable":true,"href":"https:\/\/hardwarexchange.shop\/es\/wp-json\/wp\/v2\/media\/54419"}],"wp:attachment":[{"href":"https:\/\/hardwarexchange.shop\/es\/wp-json\/wp\/v2\/media?parent=107974"}],"wp:term":[{"taxonomy":"product_brand","embeddable":true,"href":"https:\/\/hardwarexchange.shop\/es\/wp-json\/wp\/v2\/product_brand?post=107974"},{"taxonomy":"product_cat","embeddable":true,"href":"https:\/\/hardwarexchange.shop\/es\/wp-json\/wp\/v2\/product_cat?post=107974"},{"taxonomy":"product_tag","embeddable":true,"href":"https:\/\/hardwarexchange.shop\/es\/wp-json\/wp\/v2\/product_tag?post=107974"}],"curies":[{"name":"wp","href":"https:\/\/api.w.org\/{rel}","templated":true}]}}