{"id":108067,"date":"2026-05-13T11:32:37","date_gmt":"2026-05-13T10:32:37","guid":{"rendered":"https:\/\/hardwarexchange.shop\/produit\/arret-de-porte-adhesif-abs-diametre-60-mm-marron-lot-de-60-pieces\/"},"modified":"2026-05-13T14:05:32","modified_gmt":"2026-05-13T13:05:32","slug":"arret-de-porte-adhesif-abs-diametre-60-mm-marron-lot-de-60-pieces","status":"publish","type":"product","link":"https:\/\/hardwarexchange.shop\/es\/produit\/arret-de-porte-adhesif-abs-diametre-60-mm-marron-lot-de-60-pieces\/","title":{"rendered":"Arr\u00eat de porte adh\u00e9sif abs diam\u00e8tre 60 mm marron lot de 60 pi\u00e8ces"},"content":{"rendered":"\n<p>Bouton de meuble abs diam\u00e8tre 60 mm  marron adh\u00e9sif lot de 60 pi\u00e9ces<br>Ajoutez une touche d\u2019\u00e9l\u00e9gance \u00e0 vos meubles avec ce lot, d\u2019articles de qualit\u00e9s, produit en Espagne, aux meilleurs prix<br>Ces produits d\u2019ameublement allient charme et robustesse<br>Id\u00e9als pour relooker une commode, une armoire ou des placards de cuisine, ils s\u2019int\u00e8grent parfaitement dans une d\u00e9coration a votre gout<br>Faciles \u00e0 installer, ils sont livr\u00e9s avec vis de fixation.<\/p>\n","protected":false},"excerpt":{"rendered":"<p>Bouton de meuble abs diam\u00e8tre 60 mm marron adh\u00e9sif lot de 60 pi\u00e9cesAjoutez une touche d\u2019\u00e9l\u00e9gance \u00e0 vos meubles avec ce lot, d\u2019articles de qualit\u00e9s, produit en Espagne, aux meilleurs prixCes produits d\u2019ameublement allient charme et robustesseId\u00e9als pour relooker une commode, une armoire ou des placards de cuisine, ils s\u2019int\u00e8grent parfaitement dans une d\u00e9coration a [&hellip;]<\/p>\n","protected":false},"featured_media":59434,"template":"","meta":{"_acf_changed":false},"product_brand":[],"product_cat":[2320,2281,378],"product_tag":[],"class_list":{"0":"post-108067","1":"product","2":"type-product","3":"status-publish","4":"has-post-thumbnail","6":"product_cat-butee-de-porte-bloque-porte","7":"product_cat-pour-la-porte","8":"product_cat-quincaillerie","9":"product_shipping_class-xsxxs","10":"pa_couleur-marron","11":"pa_materiau-abs","13":"first","14":"instock","15":"purchasable","16":"product-type-simple"},"acf":[],"_links":{"self":[{"href":"https:\/\/hardwarexchange.shop\/es\/wp-json\/wp\/v2\/product\/108067","targetHints":{"allow":["GET"]}}],"collection":[{"href":"https:\/\/hardwarexchange.shop\/es\/wp-json\/wp\/v2\/product"}],"about":[{"href":"https:\/\/hardwarexchange.shop\/es\/wp-json\/wp\/v2\/types\/product"}],"wp:featuredmedia":[{"embeddable":true,"href":"https:\/\/hardwarexchange.shop\/es\/wp-json\/wp\/v2\/media\/59434"}],"wp:attachment":[{"href":"https:\/\/hardwarexchange.shop\/es\/wp-json\/wp\/v2\/media?parent=108067"}],"wp:term":[{"taxonomy":"product_brand","embeddable":true,"href":"https:\/\/hardwarexchange.shop\/es\/wp-json\/wp\/v2\/product_brand?post=108067"},{"taxonomy":"product_cat","embeddable":true,"href":"https:\/\/hardwarexchange.shop\/es\/wp-json\/wp\/v2\/product_cat?post=108067"},{"taxonomy":"product_tag","embeddable":true,"href":"https:\/\/hardwarexchange.shop\/es\/wp-json\/wp\/v2\/product_tag?post=108067"}],"curies":[{"name":"wp","href":"https:\/\/api.w.org\/{rel}","templated":true}]}}