{"id":437,"date":"2026-01-14T09:44:55","date_gmt":"2026-01-14T08:44:55","guid":{"rendered":"https:\/\/hardwarexchange.shop\/producto\/poignees-pour-meubles-87\/"},"modified":"2026-01-14T09:44:56","modified_gmt":"2026-01-14T08:44:56","slug":"poignee-pour-meubles-en-zamac-entraxe-96-argent-nottingham","status":"publish","type":"product","link":"https:\/\/hardwarexchange.shop\/es\/produit\/poignee-pour-meubles-en-zamac-entraxe-96-argent-nottingham\/","title":{"rendered":"Poign\u00e9e pour meubles en zamac  Entraxe 96  Argent Nottingham"},"content":{"rendered":"<p>Poign\u00e9e pour meubles en zamac Entraxe 96 mm, finition Argent NottinghamnCette poign\u00e9e au design raffin\u00e9e, est con\u00e7ue pour donner une finition d\u00e9corative unique et personnalis\u00e9e, aux tiroirs, aux portes d&#8217;armoires ou de placards de votre maisonnUn coordonn\u00e9 poign\u00e9e et bouton est propos\u00e9, tout comme un large choix de finition, sublimera le charme de votre espacenLa haute qualit\u00e9 du zamac premi\u00e8re fusion, et la grande r\u00e9sistance de sa finition, ainsi que sa garantie de 5 ans, EXCLUSIVITE HARDWAREXCHANGE, la rend id\u00e9ale pour la cuisine et la salle de bainnTr\u00e8s facile \u00e0 nettoyer et \u00e0 entretenir, en frottant d\u00e9licatement avec un chiffon humide et du savon doux, et un rin\u00e7age \u00e0 l&#8217;eau clairenLes vis de fixations de 25 mm sont fourniesnLes emballages sont certifi\u00e9s FSC, et la production en Italie est \u00e9co-lab\u00e9lis\u00e9e par Hardwarexchange et l\u2019 Ad\u00e8me en France,<\/p>\n","protected":false},"excerpt":{"rendered":"<p>Poign\u00e9e pour meubles en zamac Entraxe 96 Argent Nottingham<\/p>\n","protected":false},"featured_media":84438,"template":"","meta":{"_acf_changed":false},"product_brand":[],"product_cat":[502],"product_tag":[],"class_list":{"0":"post-437","1":"product","2":"type-product","3":"status-publish","4":"has-post-thumbnail","6":"product_cat-poignee-de-meuble-quincaillerie","7":"product_shipping_class-giusti","9":"first","10":"instock","11":"purchasable","12":"product-type-simple"},"acf":[],"_links":{"self":[{"href":"https:\/\/hardwarexchange.shop\/es\/wp-json\/wp\/v2\/product\/437","targetHints":{"allow":["GET"]}}],"collection":[{"href":"https:\/\/hardwarexchange.shop\/es\/wp-json\/wp\/v2\/product"}],"about":[{"href":"https:\/\/hardwarexchange.shop\/es\/wp-json\/wp\/v2\/types\/product"}],"wp:featuredmedia":[{"embeddable":true,"href":"https:\/\/hardwarexchange.shop\/es\/wp-json\/wp\/v2\/media\/84438"}],"wp:attachment":[{"href":"https:\/\/hardwarexchange.shop\/es\/wp-json\/wp\/v2\/media?parent=437"}],"wp:term":[{"taxonomy":"product_brand","embeddable":true,"href":"https:\/\/hardwarexchange.shop\/es\/wp-json\/wp\/v2\/product_brand?post=437"},{"taxonomy":"product_cat","embeddable":true,"href":"https:\/\/hardwarexchange.shop\/es\/wp-json\/wp\/v2\/product_cat?post=437"},{"taxonomy":"product_tag","embeddable":true,"href":"https:\/\/hardwarexchange.shop\/es\/wp-json\/wp\/v2\/product_tag?post=437"}],"curies":[{"name":"wp","href":"https:\/\/api.w.org\/{rel}","templated":true}]}}