{"id":45,"date":"2026-05-13T11:49:19","date_gmt":"2026-05-13T10:49:19","guid":{"rendered":"https:\/\/hardwarexchange.shop\/producto\/butee-de-parking-4\/"},"modified":"2026-05-13T11:49:29","modified_gmt":"2026-05-13T10:49:29","slug":"butee-de-parking-l900xl150xh100-mm-en-caoutchouc-vulcanise-noir-avec-bandes-reflechissantes","status":"publish","type":"product","link":"https:\/\/hardwarexchange.shop\/es\/produit\/butee-de-parking-l900xl150xh100-mm-en-caoutchouc-vulcanise-noir-avec-bandes-reflechissantes\/","title":{"rendered":"But\u00e9e de parking L900xl150xh100 mm en caoutchouc vulcanis\u00e9 noir avec bandes r\u00e9fl\u00e9chissantes."},"content":{"rendered":"\n<p>Butt\u00e9e de d\u00e9limitation de place de parking en caoutchouc vulcanis\u00e9 de haute qualit\u00e9, sans odeur, conforme REACH, longueur 900 mm x largeur 150 mm x hauteur 100 mm, couleur noire, avec bandes r\u00e9fl\u00e9chissantes avec billes de verre. Poign\u00e9e lat\u00e9rales de positionnement. Livr\u00e9 sans fixation. R\u00e9serv\u00e9 \u00e0 un usage priv\u00e9.<\/p>\n","protected":false},"excerpt":{"rendered":"<p>Butt\u00e9e de d\u00e9limitation de place de parking en caoutchouc vulcanis\u00e9 de haute qualit\u00e9, sans odeur, conforme REACH, longueur 900 mm x largeur 150 mm x hauteur 100 mm, couleur noire, avec bandes r\u00e9fl\u00e9chissantes avec billes de verre. Poign\u00e9e lat\u00e9rales de positionnement. Livr\u00e9 sans fixation. R\u00e9serv\u00e9 \u00e0 un usage priv\u00e9.<\/p>\n","protected":false},"featured_media":61580,"template":"","meta":{"_acf_changed":false},"product_brand":[],"product_cat":[15],"product_tag":[],"class_list":{"0":"post-45","1":"product","2":"type-product","3":"status-publish","4":"has-post-thumbnail","6":"product_cat-sans-categorie","7":"product_shipping_class-l","8":"pa_couleur-noir","9":"pa_materiau-caoutchouc","11":"first","12":"instock","13":"purchasable","14":"product-type-simple"},"acf":[],"_links":{"self":[{"href":"https:\/\/hardwarexchange.shop\/es\/wp-json\/wp\/v2\/product\/45","targetHints":{"allow":["GET"]}}],"collection":[{"href":"https:\/\/hardwarexchange.shop\/es\/wp-json\/wp\/v2\/product"}],"about":[{"href":"https:\/\/hardwarexchange.shop\/es\/wp-json\/wp\/v2\/types\/product"}],"wp:featuredmedia":[{"embeddable":true,"href":"https:\/\/hardwarexchange.shop\/es\/wp-json\/wp\/v2\/media\/61580"}],"wp:attachment":[{"href":"https:\/\/hardwarexchange.shop\/es\/wp-json\/wp\/v2\/media?parent=45"}],"wp:term":[{"taxonomy":"product_brand","embeddable":true,"href":"https:\/\/hardwarexchange.shop\/es\/wp-json\/wp\/v2\/product_brand?post=45"},{"taxonomy":"product_cat","embeddable":true,"href":"https:\/\/hardwarexchange.shop\/es\/wp-json\/wp\/v2\/product_cat?post=45"},{"taxonomy":"product_tag","embeddable":true,"href":"https:\/\/hardwarexchange.shop\/es\/wp-json\/wp\/v2\/product_tag?post=45"}],"curies":[{"name":"wp","href":"https:\/\/api.w.org\/{rel}","templated":true}]}}