{"id":62828,"date":"2026-05-13T07:49:30","date_gmt":"2026-05-13T06:49:30","guid":{"rendered":"https:\/\/hardwarexchange.shop\/produit\/bouton-de-porte-d60-mm-couple-complet-en-aluminium-finition-laiton-poli\/"},"modified":"2026-05-13T07:49:50","modified_gmt":"2026-05-13T06:49:50","slug":"poignee-bouton-de-porte-en-laiton-o60-mm-couple-complet-laiton-poli-jaune-dore","status":"publish","type":"product","link":"https:\/\/hardwarexchange.shop\/es\/produit\/poignee-bouton-de-porte-en-laiton-o60-mm-couple-complet-laiton-poli-jaune-dore\/","title":{"rendered":"Poign\u00e9e bouton de Porte en laiton \u00d860 mm &#8211; couple complet &#8211;  Laiton poli &#8211; Jaune \/ dor\u00e9"},"content":{"rendered":"\n<p>Couple Poign\u00e9e -bouton De Porte, En Laiton. Diam\u00e8tre 60 mm. Finition Laiton poli vernis , Couple complet de 2 Bouton, carr\u00e9 et vis.<\/p>\n","protected":false},"excerpt":{"rendered":"<p>Couple Poign\u00e9e -bouton De Porte, En Laiton. Diam\u00e8tre 60 mm. Finition Laiton poli vernis , Couple complet de 2 Bouton, carr\u00e9 et vis.<\/p>\n","protected":false},"featured_media":62816,"template":"","meta":{"_acf_changed":false},"product_brand":[],"product_cat":[15],"product_tag":[],"class_list":{"0":"post-62828","1":"product","2":"type-product","3":"status-publish","4":"has-post-thumbnail","6":"product_cat-sans-categorie","7":"product_shipping_class-xsxxs","8":"pa_couleur-jaune-dore","9":"pa_materiau-laiton","11":"first","12":"instock","13":"purchasable","14":"product-type-simple"},"acf":[],"_links":{"self":[{"href":"https:\/\/hardwarexchange.shop\/es\/wp-json\/wp\/v2\/product\/62828","targetHints":{"allow":["GET"]}}],"collection":[{"href":"https:\/\/hardwarexchange.shop\/es\/wp-json\/wp\/v2\/product"}],"about":[{"href":"https:\/\/hardwarexchange.shop\/es\/wp-json\/wp\/v2\/types\/product"}],"wp:featuredmedia":[{"embeddable":true,"href":"https:\/\/hardwarexchange.shop\/es\/wp-json\/wp\/v2\/media\/62816"}],"wp:attachment":[{"href":"https:\/\/hardwarexchange.shop\/es\/wp-json\/wp\/v2\/media?parent=62828"}],"wp:term":[{"taxonomy":"product_brand","embeddable":true,"href":"https:\/\/hardwarexchange.shop\/es\/wp-json\/wp\/v2\/product_brand?post=62828"},{"taxonomy":"product_cat","embeddable":true,"href":"https:\/\/hardwarexchange.shop\/es\/wp-json\/wp\/v2\/product_cat?post=62828"},{"taxonomy":"product_tag","embeddable":true,"href":"https:\/\/hardwarexchange.shop\/es\/wp-json\/wp\/v2\/product_tag?post=62828"}],"curies":[{"name":"wp","href":"https:\/\/api.w.org\/{rel}","templated":true}]}}