{"id":65206,"date":"2026-05-13T09:38:22","date_gmt":"2026-05-13T08:38:22","guid":{"rendered":"https:\/\/hardwarexchange.shop\/produit\/jardiniere-en-metal-double-pots-avec-toit\/"},"modified":"2026-05-13T13:40:54","modified_gmt":"2026-05-13T12:40:54","slug":"jardiniere-en-metal-double-pots-avec-toit-blanc","status":"publish","type":"product","link":"https:\/\/hardwarexchange.shop\/es\/produit\/jardiniere-en-metal-double-pots-avec-toit-blanc\/","title":{"rendered":"Jardini\u00e8re en m\u00e9tal double pots avec toit. &#8211; Blanc"},"content":{"rendered":"\n<p>Jardini\u00e8re en m\u00e9tal double pots avec toit, Le Jardinier, 22&#215;24 x h30cm, Pots 8x11x8,5cm.<br>Le produit est fabriqu\u00e9 ou fini \u00e0 la main sur commande et a donc un aspect artisanal et irr\u00e9gulier, qui fait son charme.<br>Produit en Asie, fini en Espagne. <br>S\u00e9lectionn\u00e9 pour son charme traditionnel par HardwarExchange.<\/p>\n","protected":false},"excerpt":{"rendered":"<p>Jardini\u00e8re en m\u00e9tal double pots avec toit, Le Jardinier, 22&#215;24 x h30cm, Pots 8x11x8,5cm.Le produit est fabriqu\u00e9 ou fini \u00e0 la main sur commande et a donc un aspect artisanal et irr\u00e9gulier, qui fait son charme.Produit en Asie, fini en Espagne. S\u00e9lectionn\u00e9 pour son charme traditionnel par HardwarExchange.<\/p>\n","protected":false},"featured_media":65207,"template":"","meta":{"_acf_changed":false},"product_brand":[],"product_cat":[2272,2257,2341,2309],"product_tag":[],"class_list":{"0":"post-65206","1":"product","2":"type-product","3":"status-publish","4":"has-post-thumbnail","6":"product_cat-contenants-et-decoration","7":"product_cat-jardin-terrasse","8":"product_cat-jardiniere","9":"product_cat-jardiniere-pot-de-fleur","10":"product_shipping_class-xsxxs","11":"pa_couleur-blanc","12":"pa_materiau-metal","14":"first","15":"instock","16":"purchasable","17":"product-type-simple"},"acf":[],"_links":{"self":[{"href":"https:\/\/hardwarexchange.shop\/es\/wp-json\/wp\/v2\/product\/65206","targetHints":{"allow":["GET"]}}],"collection":[{"href":"https:\/\/hardwarexchange.shop\/es\/wp-json\/wp\/v2\/product"}],"about":[{"href":"https:\/\/hardwarexchange.shop\/es\/wp-json\/wp\/v2\/types\/product"}],"wp:featuredmedia":[{"embeddable":true,"href":"https:\/\/hardwarexchange.shop\/es\/wp-json\/wp\/v2\/media\/65207"}],"wp:attachment":[{"href":"https:\/\/hardwarexchange.shop\/es\/wp-json\/wp\/v2\/media?parent=65206"}],"wp:term":[{"taxonomy":"product_brand","embeddable":true,"href":"https:\/\/hardwarexchange.shop\/es\/wp-json\/wp\/v2\/product_brand?post=65206"},{"taxonomy":"product_cat","embeddable":true,"href":"https:\/\/hardwarexchange.shop\/es\/wp-json\/wp\/v2\/product_cat?post=65206"},{"taxonomy":"product_tag","embeddable":true,"href":"https:\/\/hardwarexchange.shop\/es\/wp-json\/wp\/v2\/product_tag?post=65206"}],"curies":[{"name":"wp","href":"https:\/\/api.w.org\/{rel}","templated":true}]}}