{"id":65212,"date":"2026-05-13T07:21:12","date_gmt":"2026-05-13T06:21:12","guid":{"rendered":"https:\/\/hardwarexchange.shop\/produit\/pot-rond-plastique-d-13-cm-lot-de-6\/"},"modified":"2026-05-13T07:21:46","modified_gmt":"2026-05-13T06:21:46","slug":"pot-rond-plastique-d-13-cm-beige-plastique-resistant-a-la-chaleur","status":"publish","type":"product","link":"https:\/\/hardwarexchange.shop\/es\/produit\/pot-rond-plastique-d-13-cm-beige-plastique-resistant-a-la-chaleur\/","title":{"rendered":"Pot rond plastique D 13 cm &#8211; Beige, Plastique r\u00e9sistant \u00e0 la chaleur"},"content":{"rendered":"\n<p>Pot rond en plastique diametre 13 x hauteur 12 cm,  Mati\u00e8re Plastique durci <br>Le produit est fabriqu\u00e9 ou fini \u00e0 la main sur commande et a donc un aspect artisanal et irr\u00e9gulier, qui fait son charme.<br>Produit en Asie, fini en Espagne. <br>S\u00e9lectionn\u00e9 pour son charme traditionnel par HardwarExchange.<\/p>\n","protected":false},"excerpt":{"rendered":"<p>Pot rond en plastique diametre 13 x hauteur 12 cm, Mati\u00e8re Plastique durci Le produit est fabriqu\u00e9 ou fini \u00e0 la main sur commande et a donc un aspect artisanal et irr\u00e9gulier, qui fait son charme.Produit en Asie, fini en Espagne. S\u00e9lectionn\u00e9 pour son charme traditionnel par HardwarExchange.<\/p>\n","protected":false},"featured_media":65213,"template":"","meta":{"_acf_changed":false},"product_brand":[],"product_cat":[15],"product_tag":[],"class_list":{"0":"post-65212","1":"product","2":"type-product","3":"status-publish","4":"has-post-thumbnail","6":"product_cat-sans-categorie","7":"product_shipping_class-xsxxs","8":"pa_couleur-beige","9":"pa_materiau-plastique-resistant-a-la-chaleur","11":"first","12":"instock","13":"purchasable","14":"product-type-simple"},"acf":[],"_links":{"self":[{"href":"https:\/\/hardwarexchange.shop\/es\/wp-json\/wp\/v2\/product\/65212","targetHints":{"allow":["GET"]}}],"collection":[{"href":"https:\/\/hardwarexchange.shop\/es\/wp-json\/wp\/v2\/product"}],"about":[{"href":"https:\/\/hardwarexchange.shop\/es\/wp-json\/wp\/v2\/types\/product"}],"wp:featuredmedia":[{"embeddable":true,"href":"https:\/\/hardwarexchange.shop\/es\/wp-json\/wp\/v2\/media\/65213"}],"wp:attachment":[{"href":"https:\/\/hardwarexchange.shop\/es\/wp-json\/wp\/v2\/media?parent=65212"}],"wp:term":[{"taxonomy":"product_brand","embeddable":true,"href":"https:\/\/hardwarexchange.shop\/es\/wp-json\/wp\/v2\/product_brand?post=65212"},{"taxonomy":"product_cat","embeddable":true,"href":"https:\/\/hardwarexchange.shop\/es\/wp-json\/wp\/v2\/product_cat?post=65212"},{"taxonomy":"product_tag","embeddable":true,"href":"https:\/\/hardwarexchange.shop\/es\/wp-json\/wp\/v2\/product_tag?post=65212"}],"curies":[{"name":"wp","href":"https:\/\/api.w.org\/{rel}","templated":true}]}}