{"id":65439,"date":"2025-12-02T14:18:19","date_gmt":"2025-12-02T13:18:19","guid":{"rendered":"https:\/\/hardwarexchange.shop\/produit\/bouton-fixe-de-tirage-de-porte-d50-mm-en-aluminium-bronze-poli-avec-systeme-de-fixation-rapide-et-antivol-brevete-3\/"},"modified":"2025-12-02T14:18:19","modified_gmt":"2025-12-02T13:18:19","slug":"bouton-fixe-de-tirage-de-porte-d50-mm-en-aluminium-bronze-poli-avec-systeme-de-fixation-rapide-et-antivol-brevete-2","status":"publish","type":"product","link":"https:\/\/hardwarexchange.shop\/es\/produit\/bouton-fixe-de-tirage-de-porte-d50-mm-en-aluminium-bronze-poli-avec-systeme-de-fixation-rapide-et-antivol-brevete-2\/","title":{"rendered":"Bouton fixe, de tirage de porte, D:50 mm, en aluminium, bronze poli, avec syst\u00e8me de fixation rapide et antivol, brevet\u00e9,"},"content":{"rendered":"<p>Bouton fixe, de tirage de porte, en aluminium, Diam\u00e8tre 50 mm, BRONZE POLI, avec syst\u00e8me de fixation rapide et antivol, brevet\u00e9, <br \/>Le bouton en aluminium, permet des formes exclusives, des finitions a hautes r\u00e9sistances, une grande r\u00e9sistance \u00e0 la corrosion, et un excellent rapport qualit\u00e9 prix, <br \/>La finition est\u00a0: Noir<br \/> le diam\u00e8tre est\u00a0: 70mm <br \/>Le syst\u00e8me brevet\u00e9, apporte\u00a0: <br \/>1\/Un plus en facilit\u00e9 de pose\u00a0: <br \/>La fixation de la platine support se fait avec 4 vis (\u00e0 adapter au support), et le bouton se vise dessus, et est bloqu\u00e9 par des ergots, <br \/>2\/Un plus esth\u00e9tique\u00a0: <br \/>Par la suppression de toute visserie ext\u00e9rieure apparente, et \u00e9vite le per\u00e7age de la porte due \u00e0 la vis traversante de fixation et son \u00e9crou interne\u00a0(tr\u00e8s int\u00e9ressant en cas de porte blind\u00e9e) <br \/>3\/Un plus s\u00e9curitaire\u00a0: <br \/>Car la tentative de vol du bouton entraine la rupture de son support, et le rend donc inutilisable, <br \/>Fabriqu\u00e9 en Italie et s\u00e9lectionn\u00e9 pour son excellence par HardwarExchange,nnnn&#038;nbsp<\/p>\n","protected":false},"excerpt":{"rendered":"<p>Bouton fixe, de tirage de porte, en aluminium, Diam\u00e8tre 50 mm, BRONZE POLI, avec syst\u00e8me de fixation rapide et antivol, brevet\u00e9, Le bouton en aluminium, permet des formes exclusives, des finitions a hautes r\u00e9sistances, une grande r\u00e9sistance \u00e0 la corrosion, et un excellent rapport qualit\u00e9 prix, La finition est\u00a0: Noir le diam\u00e8tre est\u00a0: 70mm Le [&hellip;]<\/p>\n","protected":false},"featured_media":74235,"template":"","meta":{"_acf_changed":false},"product_brand":[],"product_cat":[1691],"product_tag":[],"class_list":{"0":"post-65439","1":"product","2":"type-product","3":"status-publish","4":"has-post-thumbnail","6":"product_cat-bouton-de-porte-quincaillerie","7":"product_shipping_class-saguatti","9":"first","10":"instock","11":"purchasable","12":"product-type-simple"},"acf":[],"_links":{"self":[{"href":"https:\/\/hardwarexchange.shop\/es\/wp-json\/wp\/v2\/product\/65439","targetHints":{"allow":["GET"]}}],"collection":[{"href":"https:\/\/hardwarexchange.shop\/es\/wp-json\/wp\/v2\/product"}],"about":[{"href":"https:\/\/hardwarexchange.shop\/es\/wp-json\/wp\/v2\/types\/product"}],"wp:featuredmedia":[{"embeddable":true,"href":"https:\/\/hardwarexchange.shop\/es\/wp-json\/wp\/v2\/media\/74235"}],"wp:attachment":[{"href":"https:\/\/hardwarexchange.shop\/es\/wp-json\/wp\/v2\/media?parent=65439"}],"wp:term":[{"taxonomy":"product_brand","embeddable":true,"href":"https:\/\/hardwarexchange.shop\/es\/wp-json\/wp\/v2\/product_brand?post=65439"},{"taxonomy":"product_cat","embeddable":true,"href":"https:\/\/hardwarexchange.shop\/es\/wp-json\/wp\/v2\/product_cat?post=65439"},{"taxonomy":"product_tag","embeddable":true,"href":"https:\/\/hardwarexchange.shop\/es\/wp-json\/wp\/v2\/product_tag?post=65439"}],"curies":[{"name":"wp","href":"https:\/\/api.w.org\/{rel}","templated":true}]}}