{"id":66320,"date":"2026-05-13T11:44:37","date_gmt":"2026-05-13T10:44:37","guid":{"rendered":"https:\/\/hardwarexchange.shop\/produit\/poignees-de-porte-interieure-couple-en-laiton-finition-bronze-brosse-mat-2\/"},"modified":"2026-05-13T14:07:54","modified_gmt":"2026-05-13T13:07:54","slug":"poignee-de-porte-interieure-couple-en-laiton-finition-bronze-brosse-mat-orange-cuivre-zamak","status":"publish","type":"product","link":"https:\/\/hardwarexchange.shop\/es\/produit\/poignee-de-porte-interieure-couple-en-laiton-finition-bronze-brosse-mat-orange-cuivre-zamak\/","title":{"rendered":"Poign\u00e9e de porte int\u00e9rieure (couple) en laiton finition bronze bross\u00e9 mat &#8211; Orange \/ cuivr\u00e9, Zamak"},"content":{"rendered":"\n<p>Poign\u00e9e de porte int\u00e9rieure (couple) en laiton sur rosace \u00e9paisseur 9 mm a clipser affleurante, plus design, diam\u00e8tre 45 mm, avec ressort de rappel, avec rosace fonction clef L  \u00e9paisseur 9 mm, base de fixation en plastique, finition bronze bross\u00e9 mat. Livr\u00e9 avec sachet de 10 vis pour fixation de 2,5X20 mm et vis pointeaux. Produit de qualit\u00e9, fabriqu\u00e9 en Italie.<\/p>\n","protected":false},"excerpt":{"rendered":"<p>Poign\u00e9e de porte int\u00e9rieure (couple) en laiton sur rosace \u00e9paisseur 9 mm a clipser affleurante, plus design, diam\u00e8tre 45 mm, avec ressort de rappel, avec rosace fonction clef L \u00e9paisseur 9 mm, base de fixation en plastique, finition bronze bross\u00e9 mat. Livr\u00e9 avec sachet de 10 vis pour fixation de 2,5X20 mm et vis pointeaux. [&hellip;]<\/p>\n","protected":false},"featured_media":61249,"template":"","meta":{"_acf_changed":false},"product_brand":[],"product_cat":[2323,2357,2281,378],"product_tag":[],"class_list":{"0":"post-66320","1":"product","2":"type-product","3":"status-publish","4":"has-post-thumbnail","6":"product_cat-poignee-de-porte","7":"product_cat-poignee-de-porte-sur-rosace","8":"product_cat-pour-la-porte","9":"product_cat-quincaillerie","10":"product_shipping_class-xsxxs","11":"pa_couleur-orange-cuivre","12":"pa_materiau-zamak","14":"first","15":"instock","16":"purchasable","17":"product-type-simple"},"acf":[],"_links":{"self":[{"href":"https:\/\/hardwarexchange.shop\/es\/wp-json\/wp\/v2\/product\/66320","targetHints":{"allow":["GET"]}}],"collection":[{"href":"https:\/\/hardwarexchange.shop\/es\/wp-json\/wp\/v2\/product"}],"about":[{"href":"https:\/\/hardwarexchange.shop\/es\/wp-json\/wp\/v2\/types\/product"}],"wp:featuredmedia":[{"embeddable":true,"href":"https:\/\/hardwarexchange.shop\/es\/wp-json\/wp\/v2\/media\/61249"}],"wp:attachment":[{"href":"https:\/\/hardwarexchange.shop\/es\/wp-json\/wp\/v2\/media?parent=66320"}],"wp:term":[{"taxonomy":"product_brand","embeddable":true,"href":"https:\/\/hardwarexchange.shop\/es\/wp-json\/wp\/v2\/product_brand?post=66320"},{"taxonomy":"product_cat","embeddable":true,"href":"https:\/\/hardwarexchange.shop\/es\/wp-json\/wp\/v2\/product_cat?post=66320"},{"taxonomy":"product_tag","embeddable":true,"href":"https:\/\/hardwarexchange.shop\/es\/wp-json\/wp\/v2\/product_tag?post=66320"}],"curies":[{"name":"wp","href":"https:\/\/api.w.org\/{rel}","templated":true}]}}