{"id":66336,"date":"2026-05-13T11:45:04","date_gmt":"2026-05-13T10:45:04","guid":{"rendered":"https:\/\/hardwarexchange.shop\/produit\/poignees-de-porte-interieure-couple-en-zamac-finition-bronze-brosse-mat-4\/"},"modified":"2026-05-13T14:08:01","modified_gmt":"2026-05-13T13:08:01","slug":"poignee-de-porte-interieure-couple-en-zamac-finition-bronze-brosse-mat-orange-cuivre-zamak","status":"publish","type":"product","link":"https:\/\/hardwarexchange.shop\/es\/produit\/poignee-de-porte-interieure-couple-en-zamac-finition-bronze-brosse-mat-orange-cuivre-zamak\/","title":{"rendered":"Poign\u00e9e de porte int\u00e9rieure (couple) en zamac finition bronze bross\u00e9 mat &#8211; Orange \/ cuivr\u00e9, Zamak"},"content":{"rendered":"\n<p>Poign\u00e9e de porte int\u00e9rieure (couple) en zamac sur rosace \u00e9paisseur 6 mm a clipser affleurante, plus design, diam\u00e8tre 50 mm, avec ressort de rappel, avec rosace fonction clef L \u00e9paisseur 6 mm, base de fixation en plastique, finition bronze bross\u00e9 mat. Produit de qualit\u00e9, fabriqu\u00e9 en Italie.<\/p>\n","protected":false},"excerpt":{"rendered":"<p>Poign\u00e9e de porte int\u00e9rieure (couple) en zamac sur rosace \u00e9paisseur 6 mm a clipser affleurante, plus design, diam\u00e8tre 50 mm, avec ressort de rappel, avec rosace fonction clef L \u00e9paisseur 6 mm, base de fixation en plastique, finition bronze bross\u00e9 mat. Produit de qualit\u00e9, fabriqu\u00e9 en Italie.<\/p>\n","protected":false},"featured_media":61195,"template":"","meta":{"_acf_changed":false},"product_brand":[],"product_cat":[2323,2357,2281,378],"product_tag":[],"class_list":{"0":"post-66336","1":"product","2":"type-product","3":"status-publish","4":"has-post-thumbnail","6":"product_cat-poignee-de-porte","7":"product_cat-poignee-de-porte-sur-rosace","8":"product_cat-pour-la-porte","9":"product_cat-quincaillerie","10":"product_shipping_class-xsxxs","11":"pa_couleur-orange-cuivre","12":"pa_materiau-zamak","14":"first","15":"instock","16":"purchasable","17":"product-type-simple"},"acf":[],"_links":{"self":[{"href":"https:\/\/hardwarexchange.shop\/es\/wp-json\/wp\/v2\/product\/66336","targetHints":{"allow":["GET"]}}],"collection":[{"href":"https:\/\/hardwarexchange.shop\/es\/wp-json\/wp\/v2\/product"}],"about":[{"href":"https:\/\/hardwarexchange.shop\/es\/wp-json\/wp\/v2\/types\/product"}],"wp:featuredmedia":[{"embeddable":true,"href":"https:\/\/hardwarexchange.shop\/es\/wp-json\/wp\/v2\/media\/61195"}],"wp:attachment":[{"href":"https:\/\/hardwarexchange.shop\/es\/wp-json\/wp\/v2\/media?parent=66336"}],"wp:term":[{"taxonomy":"product_brand","embeddable":true,"href":"https:\/\/hardwarexchange.shop\/es\/wp-json\/wp\/v2\/product_brand?post=66336"},{"taxonomy":"product_cat","embeddable":true,"href":"https:\/\/hardwarexchange.shop\/es\/wp-json\/wp\/v2\/product_cat?post=66336"},{"taxonomy":"product_tag","embeddable":true,"href":"https:\/\/hardwarexchange.shop\/es\/wp-json\/wp\/v2\/product_tag?post=66336"}],"curies":[{"name":"wp","href":"https:\/\/api.w.org\/{rel}","templated":true}]}}