{"id":85941,"date":"2026-05-13T11:39:57","date_gmt":"2026-05-13T10:39:57","guid":{"rendered":"https:\/\/hardwarexchange.shop\/?post_type=product&#038;p=85941"},"modified":"2026-05-13T14:06:54","modified_gmt":"2026-05-13T13:06:54","slug":"poignee-cuvette-rectangulaire-de-meuble-en-zamac-155x73-mm-blanc-mat-zamak","status":"publish","type":"product","link":"https:\/\/hardwarexchange.shop\/es\/produit\/poignee-cuvette-rectangulaire-de-meuble-en-zamac-155x73-mm-blanc-mat-zamak\/","title":{"rendered":"Poign\u00e9e cuvette rectangulaire de meuble en zamac 155&#215;73 mm BLANC MAT &#8211; Zamak"},"content":{"rendered":"\n<p>Poign\u00e9e cuvette rectangulaire de meuble en zamac 155&#215;73 mm Finition  BLANC MAT.<br> Cette poign\u00e9e au design raffin\u00e9e, aux d\u00e9tails subtils, est con\u00e7ue pour donner une finition d\u00e9corative unique et personnalis\u00e9e, tr\u00e8s valorisante, aux tiroirs, aux portes d&#8217;armoires ou de placards de votre maison <br> Les bords doucement arrondis, la recherche du d\u00e9tail cr\u00e9atif, la douceur de la pr\u00e9hension, font toute notre diff\u00e9rence<br>  Un coordonn\u00e9 poign\u00e9e et bouton est disponible, tout comme un large choix de finition, qui sublimera le charme de votre espace <br> La haute qualit\u00e9 du zamac premi\u00e8re fusion, et la grande r\u00e9sistance de sa finition, ainsi que sa garantie de 5 ans, EXCLUSIVITE HARDWAREXCHANGE, la rend id\u00e9ale pour la cuisine et la salle de bain <br> Tr\u00e8s facile \u00e0 nettoyer et \u00e0 entretenir, en frottant d\u00e9licatement avec un chiffon humide et du savon doux, et un rin\u00e7age \u00e0 l&#8217;eau claire <br> Les vis de fixations ne sont pas fournies <br> Les emballages sont certifi\u00e9s Agec, et la production en Espagne est \u00e9co-lab\u00e9lis\u00e9e par Hardwarexchange et l\u2019 Ad\u00e8me en France.<\/p>\n","protected":false},"excerpt":{"rendered":"<p>Poign\u00e9e cuvette rectangulaire de meuble en zamac 155&#215;73 mm Finition BLANC MAT. Cette poign\u00e9e au design raffin\u00e9e, aux d\u00e9tails subtils, est con\u00e7ue pour donner une finition d\u00e9corative unique et personnalis\u00e9e, tr\u00e8s valorisante, aux tiroirs, aux portes d&#8217;armoires ou de placards de votre maison Les bords doucement arrondis, la recherche du d\u00e9tail cr\u00e9atif, la douceur de [&hellip;]<\/p>\n","protected":false},"featured_media":108664,"template":"","meta":{"_acf_changed":false},"product_brand":[],"product_cat":[2325,2360,2283,378],"product_tag":[],"class_list":{"0":"post-85941","1":"product","2":"type-product","3":"status-publish","4":"has-post-thumbnail","6":"product_cat-bouton-et-poignee-de-meuble","7":"product_cat-poignee","8":"product_cat-pour-le-meuble","9":"product_cat-quincaillerie","10":"product_shipping_class-xsxxs","11":"pa_couleur-blanc","12":"pa_materiau-zamak","14":"first","15":"instock","16":"purchasable","17":"product-type-simple"},"acf":[],"_links":{"self":[{"href":"https:\/\/hardwarexchange.shop\/es\/wp-json\/wp\/v2\/product\/85941","targetHints":{"allow":["GET"]}}],"collection":[{"href":"https:\/\/hardwarexchange.shop\/es\/wp-json\/wp\/v2\/product"}],"about":[{"href":"https:\/\/hardwarexchange.shop\/es\/wp-json\/wp\/v2\/types\/product"}],"wp:featuredmedia":[{"embeddable":true,"href":"https:\/\/hardwarexchange.shop\/es\/wp-json\/wp\/v2\/media\/108664"}],"wp:attachment":[{"href":"https:\/\/hardwarexchange.shop\/es\/wp-json\/wp\/v2\/media?parent=85941"}],"wp:term":[{"taxonomy":"product_brand","embeddable":true,"href":"https:\/\/hardwarexchange.shop\/es\/wp-json\/wp\/v2\/product_brand?post=85941"},{"taxonomy":"product_cat","embeddable":true,"href":"https:\/\/hardwarexchange.shop\/es\/wp-json\/wp\/v2\/product_cat?post=85941"},{"taxonomy":"product_tag","embeddable":true,"href":"https:\/\/hardwarexchange.shop\/es\/wp-json\/wp\/v2\/product_tag?post=85941"}],"curies":[{"name":"wp","href":"https:\/\/api.w.org\/{rel}","templated":true}]}}