{"id":87480,"date":"2026-01-14T12:44:29","date_gmt":"2026-01-14T11:44:29","guid":{"rendered":"https:\/\/hardwarexchange.shop\/produit\/portemanteau-en-zamac-diametre-73-x-62-patine-royale-en-or-ivoire-lot-de-25\/"},"modified":"2026-01-14T12:44:31","modified_gmt":"2026-01-14T11:44:31","slug":"boutons-pour-meubles-en-zamac-et-porcelaine-diametre-35-brun-alu-lot-de-25-4","status":"publish","type":"product","link":"https:\/\/hardwarexchange.shop\/es\/produit\/boutons-pour-meubles-en-zamac-et-porcelaine-diametre-35-brun-alu-lot-de-25-4\/","title":{"rendered":"Boutons pour meubles en zamac et  Porcelaine  Diam\u00e8tre 35  Brun alu Lot de 25"},"content":{"rendered":"<p>Boutons pour meubles en zamac et  Porcelaine  Diam\u00e8tre 35 mm, finition   Brun alu<br \/> Ce bouton au design raffin\u00e9, est con\u00e7u pour donner une finition d\u00e9corative unique et personnalis\u00e9e, aux tiroirs, aux portes d&#8217;armoires ou de placards de votre maison <br \/> Un coordonn\u00e9 poign\u00e9e et bouton est propos\u00e9, tout comme un large choix de finition, sublimera le charme de votre espace <br \/> La haute qualit\u00e9 du zamac premi\u00e8re fusion, et la grande r\u00e9sistance de sa finition, ainsi que sa garantie de 5 ans, EXCLUSIVITE HARDWAREXCHANGE, le rend id\u00e9al pour la cuisine et la salle de bain <br \/> Tr\u00e8s facile \u00e0 nettoyer et \u00e0 entretenir, en frottant d\u00e9licatement avec un chiffon humide et du savon doux, et un rin\u00e7age \u00e0 l&#8217;eau claire <br \/> Les vis de fixations de 25 mm sont fournies <br \/>Les emballages sont certifi\u00e9s FSC, et la production en Italie est \u00e9co-lab\u00e9lis\u00e9e par Hardwarexchange et l\u2019 Ad\u00e8me en France, Lot de 25<\/p>\n","protected":false},"excerpt":{"rendered":"<p>Boutons pour meubles en zamac et  Porcelaine  Diam\u00e8tre 35  Brun alu Lot de 25<\/p>\n","protected":false},"featured_media":6873,"template":"","meta":{"_acf_changed":false},"product_brand":[],"product_cat":[1844],"product_tag":[],"class_list":{"0":"post-87480","1":"product","2":"type-product","3":"status-publish","4":"has-post-thumbnail","6":"product_cat-bouton-de-meuble-quincaillerie","7":"product_shipping_class-sin-coste","9":"first","10":"instock","11":"purchasable","12":"product-type-simple"},"acf":[],"_links":{"self":[{"href":"https:\/\/hardwarexchange.shop\/es\/wp-json\/wp\/v2\/product\/87480","targetHints":{"allow":["GET"]}}],"collection":[{"href":"https:\/\/hardwarexchange.shop\/es\/wp-json\/wp\/v2\/product"}],"about":[{"href":"https:\/\/hardwarexchange.shop\/es\/wp-json\/wp\/v2\/types\/product"}],"wp:featuredmedia":[{"embeddable":true,"href":"https:\/\/hardwarexchange.shop\/es\/wp-json\/wp\/v2\/media\/6873"}],"wp:attachment":[{"href":"https:\/\/hardwarexchange.shop\/es\/wp-json\/wp\/v2\/media?parent=87480"}],"wp:term":[{"taxonomy":"product_brand","embeddable":true,"href":"https:\/\/hardwarexchange.shop\/es\/wp-json\/wp\/v2\/product_brand?post=87480"},{"taxonomy":"product_cat","embeddable":true,"href":"https:\/\/hardwarexchange.shop\/es\/wp-json\/wp\/v2\/product_cat?post=87480"},{"taxonomy":"product_tag","embeddable":true,"href":"https:\/\/hardwarexchange.shop\/es\/wp-json\/wp\/v2\/product_tag?post=87480"}],"curies":[{"name":"wp","href":"https:\/\/api.w.org\/{rel}","templated":true}]}}