{"id":90859,"date":"2026-05-13T09:41:26","date_gmt":"2026-05-13T08:41:26","guid":{"rendered":"https:\/\/hardwarexchange.shop\/produit\/bouton-de-meuble-en-zamac-d-18-mm-acier-inox-brosse-lot-de-6\/"},"modified":"2026-05-13T13:41:19","modified_gmt":"2026-05-13T12:41:19","slug":"bouton-de-meuble-en-zamac-d-18-mm-acier-inox-brosse-lot-de-6-gris-argent-acier-aluminium","status":"publish","type":"product","link":"https:\/\/hardwarexchange.shop\/es\/produit\/bouton-de-meuble-en-zamac-d-18-mm-acier-inox-brosse-lot-de-6-gris-argent-acier-aluminium\/","title":{"rendered":"Bouton de meuble en zamac D 18 mm ACIER INOX BROSSE Lot de 6 &#8211; Gris \/ argent, Acier \/ aluminium"},"content":{"rendered":"\n<p>Bouton de meuble en zamac Diam\u00e8tre 18 mm Finition  ACIER INOX BROSSE.<br> Ce bouton au design raffin\u00e9e, aux d\u00e9tails subtils, est con\u00e7ue pour donner une finition d\u00e9corative unique et personnalis\u00e9e, tr\u00e8s valorisante, aux tiroirs, aux portes d&#8217;armoires ou de placards de votre maison <br> Les bords doucement arrondis, la recherche du d\u00e9tail cr\u00e9atif, la douceur de la pr\u00e9hension, font toute notre diff\u00e9rence<br>  Un coordonn\u00e9 poign\u00e9e et bouton est disponible, tout comme un large choix de finition, qui sublimera le charme de votre espace <br> La haute qualit\u00e9 du zamac premi\u00e8re fusion, et la grande r\u00e9sistance de sa finition, ainsi que sa garantie de 5 ans, EXCLUSIVITE HARDWAREXCHANGE, le rend id\u00e9al pour la cuisine et la salle de bain <br> Tr\u00e8s facile \u00e0 nettoyer et \u00e0 entretenir, en frottant d\u00e9licatement avec un chiffon humide et du savon doux, et un rin\u00e7age \u00e0 l&#8217;eau claire <br> La vis zingu\u00e9e de fixation auto-s\u00e9cable de 45 mm est fournie <br>Les emballages sont certifi\u00e9s Agec, et la production en Espagne est \u00e9co-lab\u00e9lis\u00e9e par Hardwarexchange et l\u2019 Ad\u00e8me en France.Lot de 6<\/p>\n","protected":false},"excerpt":{"rendered":"<p>Bouton de meuble en zamac Diam\u00e8tre 18 mm Finition ACIER INOX BROSSE. Ce bouton au design raffin\u00e9e, aux d\u00e9tails subtils, est con\u00e7ue pour donner une finition d\u00e9corative unique et personnalis\u00e9e, tr\u00e8s valorisante, aux tiroirs, aux portes d&#8217;armoires ou de placards de votre maison Les bords doucement arrondis, la recherche du d\u00e9tail cr\u00e9atif, la douceur de [&hellip;]<\/p>\n","protected":false},"featured_media":102673,"template":"","meta":{"_acf_changed":false},"product_brand":[],"product_cat":[2359,2325,2283,378],"product_tag":[],"class_list":{"0":"post-90859","1":"product","2":"type-product","3":"status-publish","4":"has-post-thumbnail","6":"product_cat-bouton","7":"product_cat-bouton-et-poignee-de-meuble","8":"product_cat-pour-le-meuble","9":"product_cat-quincaillerie","10":"product_shipping_class-free","11":"pa_couleur-gris-argent","12":"pa_materiau-acier-aluminium","14":"first","15":"instock","16":"purchasable","17":"product-type-simple"},"acf":[],"_links":{"self":[{"href":"https:\/\/hardwarexchange.shop\/es\/wp-json\/wp\/v2\/product\/90859","targetHints":{"allow":["GET"]}}],"collection":[{"href":"https:\/\/hardwarexchange.shop\/es\/wp-json\/wp\/v2\/product"}],"about":[{"href":"https:\/\/hardwarexchange.shop\/es\/wp-json\/wp\/v2\/types\/product"}],"wp:featuredmedia":[{"embeddable":true,"href":"https:\/\/hardwarexchange.shop\/es\/wp-json\/wp\/v2\/media\/102673"}],"wp:attachment":[{"href":"https:\/\/hardwarexchange.shop\/es\/wp-json\/wp\/v2\/media?parent=90859"}],"wp:term":[{"taxonomy":"product_brand","embeddable":true,"href":"https:\/\/hardwarexchange.shop\/es\/wp-json\/wp\/v2\/product_brand?post=90859"},{"taxonomy":"product_cat","embeddable":true,"href":"https:\/\/hardwarexchange.shop\/es\/wp-json\/wp\/v2\/product_cat?post=90859"},{"taxonomy":"product_tag","embeddable":true,"href":"https:\/\/hardwarexchange.shop\/es\/wp-json\/wp\/v2\/product_tag?post=90859"}],"curies":[{"name":"wp","href":"https:\/\/api.w.org\/{rel}","templated":true}]}}