{"id":94871,"date":"2026-05-13T07:17:50","date_gmt":"2026-05-13T06:17:50","guid":{"rendered":"https:\/\/hardwarexchange.shop\/produit\/petite-lanterne-cylindrique-en-bois-et-corde-175-cm-de-diametre-x-40-cm-de-hauteur-bocal-en-verre-8-cm-de-diametre-x-8-cm-de-hauteur-marron-osier\/"},"modified":"2026-05-13T07:18:04","modified_gmt":"2026-05-13T06:18:04","slug":"petite-lanterne-cylindrique-en-bois-et-corde-175-cm-de-diametre-x-40-cm-de-hauteur-bocal-en-verre-8-cm-de-diametre-x-8-cm-de-hauteur-marron-osier","status":"publish","type":"product","link":"https:\/\/hardwarexchange.shop\/es\/produit\/petite-lanterne-cylindrique-en-bois-et-corde-175-cm-de-diametre-x-40-cm-de-hauteur-bocal-en-verre-8-cm-de-diametre-x-8-cm-de-hauteur-marron-osier\/","title":{"rendered":"Petite lanterne cylindrique en bois et corde, 17,5 cm de diam\u00e8tre x 40 cm de hauteur, bocal en verre 8 cm de diam\u00e8tre x 8 cm de hauteur &#8211; Marron, Osier"},"content":{"rendered":"\n<p>Lanterne cylindrique en bois et corde, diam\u00e8tre 17,5 x hauteur 40cm,avec 1 Pot en verre diametre 8 x 8cm<br>Le produit est fabriqu\u00e9 ou fini \u00e0 la main sur commande et a donc un aspect artisanal et irr\u00e9gulier, qui fait son charme.<br>Produit en Asie, fini en Espagne. <br>S\u00e9lectionn\u00e9 pour son charme traditionnel par HardwarExchange.<\/p>\n","protected":false},"excerpt":{"rendered":"<p>Lanterne cylindrique en bois et corde, diam\u00e8tre 17,5 x hauteur 40cm,avec 1 Pot en verre diametre 8 x 8cmLe produit est fabriqu\u00e9 ou fini \u00e0 la main sur commande et a donc un aspect artisanal et irr\u00e9gulier, qui fait son charme.Produit en Asie, fini en Espagne. S\u00e9lectionn\u00e9 pour son charme traditionnel par HardwarExchange.<\/p>\n","protected":false},"featured_media":94872,"template":"","meta":{"_acf_changed":false},"product_brand":[],"product_cat":[15],"product_tag":[],"class_list":{"0":"post-94871","1":"product","2":"type-product","3":"status-publish","4":"has-post-thumbnail","6":"product_cat-sans-categorie","7":"product_shipping_class-xsxxs","8":"pa_couleur-marron","9":"pa_materiau-osier","11":"first","12":"instock","13":"purchasable","14":"product-type-simple"},"acf":[],"_links":{"self":[{"href":"https:\/\/hardwarexchange.shop\/es\/wp-json\/wp\/v2\/product\/94871","targetHints":{"allow":["GET"]}}],"collection":[{"href":"https:\/\/hardwarexchange.shop\/es\/wp-json\/wp\/v2\/product"}],"about":[{"href":"https:\/\/hardwarexchange.shop\/es\/wp-json\/wp\/v2\/types\/product"}],"wp:featuredmedia":[{"embeddable":true,"href":"https:\/\/hardwarexchange.shop\/es\/wp-json\/wp\/v2\/media\/94872"}],"wp:attachment":[{"href":"https:\/\/hardwarexchange.shop\/es\/wp-json\/wp\/v2\/media?parent=94871"}],"wp:term":[{"taxonomy":"product_brand","embeddable":true,"href":"https:\/\/hardwarexchange.shop\/es\/wp-json\/wp\/v2\/product_brand?post=94871"},{"taxonomy":"product_cat","embeddable":true,"href":"https:\/\/hardwarexchange.shop\/es\/wp-json\/wp\/v2\/product_cat?post=94871"},{"taxonomy":"product_tag","embeddable":true,"href":"https:\/\/hardwarexchange.shop\/es\/wp-json\/wp\/v2\/product_tag?post=94871"}],"curies":[{"name":"wp","href":"https:\/\/api.w.org\/{rel}","templated":true}]}}