{"id":94909,"date":"2026-05-13T07:17:50","date_gmt":"2026-05-13T06:17:50","guid":{"rendered":"https:\/\/hardwarexchange.shop\/produit\/lanterne-cylindrique-en-bois-avec-grosse-corde-205diam-x-h50cm-avec-pot-en-verre-12-diam-x-12cm-h-marron-bois-et-verre\/"},"modified":"2026-05-13T07:18:30","modified_gmt":"2026-05-13T06:18:30","slug":"lanterne-cylindrique-en-bois-avec-grosse-corde-205diam-x-h50cm-avec-pot-en-verre-12-diam-x-12cm-h-marron-bois-et-verre","status":"publish","type":"product","link":"https:\/\/hardwarexchange.shop\/es\/produit\/lanterne-cylindrique-en-bois-avec-grosse-corde-205diam-x-h50cm-avec-pot-en-verre-12-diam-x-12cm-h-marron-bois-et-verre\/","title":{"rendered":"Lanterne cylindrique en bois avec grosse corde 20,5diam x h50cm avec pot en verre 12 diam x 12cm H &#8211; Marron, Bois et verre"},"content":{"rendered":"\n<p>Lanterne cylindrique en bois avec grosse corde, 20,5diam. x h50cm, pot en verre 12 diam x 12cm diam.<br>Le produit est fabriqu\u00e9 ou fini \u00e0 la main sur commande et a donc un aspect artisanal et irr\u00e9gulier, qui fait son charme.<br>Produit en Asie, fini en Espagne. <br>S\u00e9lectionn\u00e9 pour son charme traditionnel par HardwarExchange.<\/p>\n","protected":false},"excerpt":{"rendered":"<p>Lanterne cylindrique en bois avec grosse corde, 20,5diam. x h50cm, pot en verre 12 diam x 12cm diam.Le produit est fabriqu\u00e9 ou fini \u00e0 la main sur commande et a donc un aspect artisanal et irr\u00e9gulier, qui fait son charme.Produit en Asie, fini en Espagne. S\u00e9lectionn\u00e9 pour son charme traditionnel par HardwarExchange.<\/p>\n","protected":false},"featured_media":94910,"template":"","meta":{"_acf_changed":false},"product_brand":[],"product_cat":[15],"product_tag":[],"class_list":{"0":"post-94909","1":"product","2":"type-product","3":"status-publish","4":"has-post-thumbnail","6":"product_cat-sans-categorie","7":"product_shipping_class-xsxxs","8":"pa_couleur-marron","9":"pa_materiau-bois-et-verre","11":"first","12":"instock","13":"purchasable","14":"product-type-simple"},"acf":[],"_links":{"self":[{"href":"https:\/\/hardwarexchange.shop\/es\/wp-json\/wp\/v2\/product\/94909","targetHints":{"allow":["GET"]}}],"collection":[{"href":"https:\/\/hardwarexchange.shop\/es\/wp-json\/wp\/v2\/product"}],"about":[{"href":"https:\/\/hardwarexchange.shop\/es\/wp-json\/wp\/v2\/types\/product"}],"wp:featuredmedia":[{"embeddable":true,"href":"https:\/\/hardwarexchange.shop\/es\/wp-json\/wp\/v2\/media\/94910"}],"wp:attachment":[{"href":"https:\/\/hardwarexchange.shop\/es\/wp-json\/wp\/v2\/media?parent=94909"}],"wp:term":[{"taxonomy":"product_brand","embeddable":true,"href":"https:\/\/hardwarexchange.shop\/es\/wp-json\/wp\/v2\/product_brand?post=94909"},{"taxonomy":"product_cat","embeddable":true,"href":"https:\/\/hardwarexchange.shop\/es\/wp-json\/wp\/v2\/product_cat?post=94909"},{"taxonomy":"product_tag","embeddable":true,"href":"https:\/\/hardwarexchange.shop\/es\/wp-json\/wp\/v2\/product_tag?post=94909"}],"curies":[{"name":"wp","href":"https:\/\/api.w.org\/{rel}","templated":true}]}}