{"id":94933,"date":"2026-05-13T07:18:34","date_gmt":"2026-05-13T06:18:34","guid":{"rendered":"https:\/\/hardwarexchange.shop\/produit\/jardiniere-en-bois-32x18-x-h21cm-avec-pot-de-fleurs-en-zinc-base-235x10-haut-28x145-h-10cm-beige-bois-et-metal\/"},"modified":"2026-05-13T07:18:52","modified_gmt":"2026-05-13T06:18:52","slug":"jardiniere-en-bois-32x18-x-h21cm-avec-pot-de-fleurs-en-zinc-base-235x10-haut-28x145-h-10cm-beige-bois-et-metal","status":"publish","type":"product","link":"https:\/\/hardwarexchange.shop\/es\/produit\/jardiniere-en-bois-32x18-x-h21cm-avec-pot-de-fleurs-en-zinc-base-235x10-haut-28x145-h-10cm-beige-bois-et-metal\/","title":{"rendered":"Jardini\u00e8re en bois 32&#215;18 x H21cm avec Pot de fleurs en zinc Base 23,5&#215;10-haut 28&#215;14,5-h 10cm &#8211; Beige, Bois et m\u00e9tal"},"content":{"rendered":"\n<p>Jardini\u00e8re en bois et zinc, 32\u00d718 x H21cm, Pot de fleurs : Base 23,5\u00d710-top, 28\u00d714,5-h 10cm<br>Le produit est fabriqu\u00e9 ou fini \u00e0 la main sur commande et a donc un aspect artisanal et irr\u00e9gulier, qui fait son charme.<br>Produit en Asie, fini en Espagne. <br>S\u00e9lectionn\u00e9 pour son charme traditionnel par HardwarExchange.<\/p>\n","protected":false},"excerpt":{"rendered":"<p>Jardini\u00e8re en bois et zinc, 32\u00d718 x H21cm, Pot de fleurs : Base 23,5\u00d710-top, 28\u00d714,5-h 10cmLe produit est fabriqu\u00e9 ou fini \u00e0 la main sur commande et a donc un aspect artisanal et irr\u00e9gulier, qui fait son charme.Produit en Asie, fini en Espagne. S\u00e9lectionn\u00e9 pour son charme traditionnel par HardwarExchange.<\/p>\n","protected":false},"featured_media":94934,"template":"","meta":{"_acf_changed":false},"product_brand":[],"product_cat":[15],"product_tag":[],"class_list":{"0":"post-94933","1":"product","2":"type-product","3":"status-publish","4":"has-post-thumbnail","6":"product_cat-sans-categorie","7":"product_shipping_class-xsxxs","8":"pa_couleur-beige","9":"pa_materiau-bois-et-metal","11":"first","12":"instock","13":"purchasable","14":"product-type-simple"},"acf":[],"_links":{"self":[{"href":"https:\/\/hardwarexchange.shop\/es\/wp-json\/wp\/v2\/product\/94933","targetHints":{"allow":["GET"]}}],"collection":[{"href":"https:\/\/hardwarexchange.shop\/es\/wp-json\/wp\/v2\/product"}],"about":[{"href":"https:\/\/hardwarexchange.shop\/es\/wp-json\/wp\/v2\/types\/product"}],"wp:featuredmedia":[{"embeddable":true,"href":"https:\/\/hardwarexchange.shop\/es\/wp-json\/wp\/v2\/media\/94934"}],"wp:attachment":[{"href":"https:\/\/hardwarexchange.shop\/es\/wp-json\/wp\/v2\/media?parent=94933"}],"wp:term":[{"taxonomy":"product_brand","embeddable":true,"href":"https:\/\/hardwarexchange.shop\/es\/wp-json\/wp\/v2\/product_brand?post=94933"},{"taxonomy":"product_cat","embeddable":true,"href":"https:\/\/hardwarexchange.shop\/es\/wp-json\/wp\/v2\/product_cat?post=94933"},{"taxonomy":"product_tag","embeddable":true,"href":"https:\/\/hardwarexchange.shop\/es\/wp-json\/wp\/v2\/product_tag?post=94933"}],"curies":[{"name":"wp","href":"https:\/\/api.w.org\/{rel}","templated":true}]}}