{"id":94945,"date":"2026-05-13T07:18:34","date_gmt":"2026-05-13T06:18:34","guid":{"rendered":"https:\/\/hardwarexchange.shop\/produit\/jardiniere-maison-en-bois-et-fil-de-fer-205x12-x-h33cm-interieur-plastique-marron-bois-et-metal\/"},"modified":"2026-05-13T07:19:04","modified_gmt":"2026-05-13T06:19:04","slug":"jardiniere-maison-en-bois-et-fil-de-fer-205x12-x-h33cm-interieur-plastique-marron-bois-et-metal","status":"publish","type":"product","link":"https:\/\/hardwarexchange.shop\/es\/produit\/jardiniere-maison-en-bois-et-fil-de-fer-205x12-x-h33cm-interieur-plastique-marron-bois-et-metal\/","title":{"rendered":"Jardini\u00e8re maison en bois et fil de fer 20,5&#215;12 x h33cm- Int\u00e9rieur plastique &#8211; Marron, Bois et m\u00e9tal"},"content":{"rendered":"\n<p>Jardini\u00e8re maison en bois, 20,5\u00d712 x h33cm, Int\u00e9rieur plastique<br>Le produit est fabriqu\u00e9 ou fini \u00e0 la main sur commande et a donc un aspect artisanal et irr\u00e9gulier, qui fait son charme.<br>Produit en Asie, fini en Espagne. <br>S\u00e9lectionn\u00e9 pour son charme traditionnel par HardwarExchange.<\/p>\n","protected":false},"excerpt":{"rendered":"<p>Jardini\u00e8re maison en bois, 20,5\u00d712 x h33cm, Int\u00e9rieur plastiqueLe produit est fabriqu\u00e9 ou fini \u00e0 la main sur commande et a donc un aspect artisanal et irr\u00e9gulier, qui fait son charme.Produit en Asie, fini en Espagne. S\u00e9lectionn\u00e9 pour son charme traditionnel par HardwarExchange.<\/p>\n","protected":false},"featured_media":94946,"template":"","meta":{"_acf_changed":false},"product_brand":[],"product_cat":[15],"product_tag":[],"class_list":{"0":"post-94945","1":"product","2":"type-product","3":"status-publish","4":"has-post-thumbnail","6":"product_cat-sans-categorie","7":"product_shipping_class-xsxxs","8":"pa_couleur-marron","9":"pa_materiau-bois-et-metal","11":"first","12":"instock","13":"purchasable","14":"product-type-simple"},"acf":[],"_links":{"self":[{"href":"https:\/\/hardwarexchange.shop\/es\/wp-json\/wp\/v2\/product\/94945","targetHints":{"allow":["GET"]}}],"collection":[{"href":"https:\/\/hardwarexchange.shop\/es\/wp-json\/wp\/v2\/product"}],"about":[{"href":"https:\/\/hardwarexchange.shop\/es\/wp-json\/wp\/v2\/types\/product"}],"wp:featuredmedia":[{"embeddable":true,"href":"https:\/\/hardwarexchange.shop\/es\/wp-json\/wp\/v2\/media\/94946"}],"wp:attachment":[{"href":"https:\/\/hardwarexchange.shop\/es\/wp-json\/wp\/v2\/media?parent=94945"}],"wp:term":[{"taxonomy":"product_brand","embeddable":true,"href":"https:\/\/hardwarexchange.shop\/es\/wp-json\/wp\/v2\/product_brand?post=94945"},{"taxonomy":"product_cat","embeddable":true,"href":"https:\/\/hardwarexchange.shop\/es\/wp-json\/wp\/v2\/product_cat?post=94945"},{"taxonomy":"product_tag","embeddable":true,"href":"https:\/\/hardwarexchange.shop\/es\/wp-json\/wp\/v2\/product_tag?post=94945"}],"curies":[{"name":"wp","href":"https:\/\/api.w.org\/{rel}","templated":true}]}}