{"id":94997,"date":"2026-05-13T07:19:25","date_gmt":"2026-05-13T06:19:25","guid":{"rendered":"https:\/\/hardwarexchange.shop\/produit\/pendant-en-verre-avec-grande-corde-pot-en-verre-15-diam-x-h17cm-hauteur-totale-avec-corde-90-cm-beige\/"},"modified":"2026-05-13T07:19:44","modified_gmt":"2026-05-13T06:19:44","slug":"pendant-en-verre-avec-grande-corde-pot-en-verre-15-diam-x-h17cm-hauteur-totale-avec-corde-90-cm-beige","status":"publish","type":"product","link":"https:\/\/hardwarexchange.shop\/es\/produit\/pendant-en-verre-avec-grande-corde-pot-en-verre-15-diam-x-h17cm-hauteur-totale-avec-corde-90-cm-beige\/","title":{"rendered":"Pendant en verre avec grande corde Pot en verre 15 diam x h17cm Hauteur totale avec corde 90 cm &#8211; Beige"},"content":{"rendered":"\n<p>Cintre en verre avec grande corde, Pot en verre 15 diam. x h17cm, Hauteur totale avec corde 90 cm<br>Le produit est fabriqu\u00e9 ou fini \u00e0 la main sur commande et a donc un aspect artisanal et irr\u00e9gulier, qui fait son charme.<br>Produit en Asie, fini en Espagne. <br>S\u00e9lectionn\u00e9 pour son charme traditionnel par HardwarExchange.<\/p>\n","protected":false},"excerpt":{"rendered":"<p>Cintre en verre avec grande corde, Pot en verre 15 diam. x h17cm, Hauteur totale avec corde 90 cmLe produit est fabriqu\u00e9 ou fini \u00e0 la main sur commande et a donc un aspect artisanal et irr\u00e9gulier, qui fait son charme.Produit en Asie, fini en Espagne. S\u00e9lectionn\u00e9 pour son charme traditionnel par HardwarExchange.<\/p>\n","protected":false},"featured_media":94998,"template":"","meta":{"_acf_changed":false},"product_brand":[],"product_cat":[15],"product_tag":[],"class_list":{"0":"post-94997","1":"product","2":"type-product","3":"status-publish","4":"has-post-thumbnail","6":"product_cat-sans-categorie","7":"product_shipping_class-xsxxs","8":"pa_couleur-beige","9":"pa_materiau-verre","11":"first","12":"instock","13":"purchasable","14":"product-type-simple"},"acf":[],"_links":{"self":[{"href":"https:\/\/hardwarexchange.shop\/es\/wp-json\/wp\/v2\/product\/94997","targetHints":{"allow":["GET"]}}],"collection":[{"href":"https:\/\/hardwarexchange.shop\/es\/wp-json\/wp\/v2\/product"}],"about":[{"href":"https:\/\/hardwarexchange.shop\/es\/wp-json\/wp\/v2\/types\/product"}],"wp:featuredmedia":[{"embeddable":true,"href":"https:\/\/hardwarexchange.shop\/es\/wp-json\/wp\/v2\/media\/94998"}],"wp:attachment":[{"href":"https:\/\/hardwarexchange.shop\/es\/wp-json\/wp\/v2\/media?parent=94997"}],"wp:term":[{"taxonomy":"product_brand","embeddable":true,"href":"https:\/\/hardwarexchange.shop\/es\/wp-json\/wp\/v2\/product_brand?post=94997"},{"taxonomy":"product_cat","embeddable":true,"href":"https:\/\/hardwarexchange.shop\/es\/wp-json\/wp\/v2\/product_cat?post=94997"},{"taxonomy":"product_tag","embeddable":true,"href":"https:\/\/hardwarexchange.shop\/es\/wp-json\/wp\/v2\/product_tag?post=94997"}],"curies":[{"name":"wp","href":"https:\/\/api.w.org\/{rel}","templated":true}]}}