{"id":95003,"date":"2026-05-13T07:19:25","date_gmt":"2026-05-13T06:19:25","guid":{"rendered":"https:\/\/hardwarexchange.shop\/produit\/lot-de-2-serres-grillagees-s-23x14-x-h165-9cm-l-30x19-x-h21-11cm-marron-bois-et-metal\/"},"modified":"2026-05-13T07:19:48","modified_gmt":"2026-05-13T06:19:48","slug":"lot-de-2-serres-grillagees-s-23x14-x-h165-9cm-l-30x19-x-h21-11cm-marron-bois-et-metal","status":"publish","type":"product","link":"https:\/\/hardwarexchange.shop\/es\/produit\/lot-de-2-serres-grillagees-s-23x14-x-h165-9cm-l-30x19-x-h21-11cm-marron-bois-et-metal\/","title":{"rendered":"Lot de 2 serres grillag\u00e9es S-23&#215;14 x h16,5-9cm, L-30&#215;19 x h21-11cm &#8211; Marron, Bois et m\u00e9tal"},"content":{"rendered":"\n<p>Lot de 2 serres grillag\u00e9es, S-23\u00d714 x h16,5-9cm, L-30\u00d719 x h21-11cm<br>Le produit est fabriqu\u00e9 ou fini \u00e0 la main sur commande et a donc un aspect artisanal et irr\u00e9gulier, qui fait son charme.<br>Produit en Asie, fini en Espagne. <br>S\u00e9lectionn\u00e9 pour son charme traditionnel par HardwarExchange.<\/p>\n","protected":false},"excerpt":{"rendered":"<p>Lot de 2 serres grillag\u00e9es, S-23\u00d714 x h16,5-9cm, L-30\u00d719 x h21-11cmLe produit est fabriqu\u00e9 ou fini \u00e0 la main sur commande et a donc un aspect artisanal et irr\u00e9gulier, qui fait son charme.Produit en Asie, fini en Espagne. S\u00e9lectionn\u00e9 pour son charme traditionnel par HardwarExchange.<\/p>\n","protected":false},"featured_media":95004,"template":"","meta":{"_acf_changed":false},"product_brand":[],"product_cat":[15],"product_tag":[],"class_list":{"0":"post-95003","1":"product","2":"type-product","3":"status-publish","4":"has-post-thumbnail","6":"product_cat-sans-categorie","7":"product_shipping_class-xsxxs","8":"pa_couleur-marron","9":"pa_materiau-bois-et-metal","11":"first","12":"instock","13":"purchasable","14":"product-type-simple"},"acf":[],"_links":{"self":[{"href":"https:\/\/hardwarexchange.shop\/es\/wp-json\/wp\/v2\/product\/95003","targetHints":{"allow":["GET"]}}],"collection":[{"href":"https:\/\/hardwarexchange.shop\/es\/wp-json\/wp\/v2\/product"}],"about":[{"href":"https:\/\/hardwarexchange.shop\/es\/wp-json\/wp\/v2\/types\/product"}],"wp:featuredmedia":[{"embeddable":true,"href":"https:\/\/hardwarexchange.shop\/es\/wp-json\/wp\/v2\/media\/95004"}],"wp:attachment":[{"href":"https:\/\/hardwarexchange.shop\/es\/wp-json\/wp\/v2\/media?parent=95003"}],"wp:term":[{"taxonomy":"product_brand","embeddable":true,"href":"https:\/\/hardwarexchange.shop\/es\/wp-json\/wp\/v2\/product_brand?post=95003"},{"taxonomy":"product_cat","embeddable":true,"href":"https:\/\/hardwarexchange.shop\/es\/wp-json\/wp\/v2\/product_cat?post=95003"},{"taxonomy":"product_tag","embeddable":true,"href":"https:\/\/hardwarexchange.shop\/es\/wp-json\/wp\/v2\/product_tag?post=95003"}],"curies":[{"name":"wp","href":"https:\/\/api.w.org\/{rel}","templated":true}]}}