{"id":95006,"date":"2026-05-13T07:19:25","date_gmt":"2026-05-13T06:19:25","guid":{"rendered":"https:\/\/hardwarexchange.shop\/produit\/abat-jour-en-osier-naturel-27-cm-de-diametre-et-24cm-de-haut-chaine-40-cm-sans-passe-cable-beige-bois\/"},"modified":"2026-05-13T07:19:49","modified_gmt":"2026-05-13T06:19:49","slug":"abat-jour-en-osier-naturel-27-cm-de-diametre-et-24cm-de-haut-chaine-40-cm-sans-passe-cable-beige-bois","status":"publish","type":"product","link":"https:\/\/hardwarexchange.shop\/es\/produit\/abat-jour-en-osier-naturel-27-cm-de-diametre-et-24cm-de-haut-chaine-40-cm-sans-passe-cable-beige-bois\/","title":{"rendered":"Abat jour en osier naturel  27 cm de diam\u00e8tre et 24cm de haut- Cha\u00eene 40 cm -sans passe-c\u00e2ble &#8211; Beige, Bois"},"content":{"rendered":"\n<p>\u00c9cran de plafond, 27 cm de diam\u00e8tre. et 24cm de haut, Cha\u00eene 40 cm, coloris naturel sans passe-c\u00e2ble<br>Le produit est fabriqu\u00e9 ou fini \u00e0 la main sur commande et a donc un aspect artisanal et irr\u00e9gulier, qui fait son charme.<br>Produit en Asie, fini en Espagne. <br>S\u00e9lectionn\u00e9 pour son charme traditionnel par HardwarExchange.<\/p>\n","protected":false},"excerpt":{"rendered":"<p>\u00c9cran de plafond, 27 cm de diam\u00e8tre. et 24cm de haut, Cha\u00eene 40 cm, coloris naturel sans passe-c\u00e2bleLe produit est fabriqu\u00e9 ou fini \u00e0 la main sur commande et a donc un aspect artisanal et irr\u00e9gulier, qui fait son charme.Produit en Asie, fini en Espagne. S\u00e9lectionn\u00e9 pour son charme traditionnel par HardwarExchange.<\/p>\n","protected":false},"featured_media":95007,"template":"","meta":{"_acf_changed":false},"product_brand":[],"product_cat":[15],"product_tag":[],"class_list":{"0":"post-95006","1":"product","2":"type-product","3":"status-publish","4":"has-post-thumbnail","6":"product_cat-sans-categorie","7":"product_shipping_class-xsxxs","8":"pa_couleur-beige","9":"pa_materiau-bois","11":"first","12":"instock","13":"purchasable","14":"product-type-simple"},"acf":[],"_links":{"self":[{"href":"https:\/\/hardwarexchange.shop\/es\/wp-json\/wp\/v2\/product\/95006","targetHints":{"allow":["GET"]}}],"collection":[{"href":"https:\/\/hardwarexchange.shop\/es\/wp-json\/wp\/v2\/product"}],"about":[{"href":"https:\/\/hardwarexchange.shop\/es\/wp-json\/wp\/v2\/types\/product"}],"wp:featuredmedia":[{"embeddable":true,"href":"https:\/\/hardwarexchange.shop\/es\/wp-json\/wp\/v2\/media\/95007"}],"wp:attachment":[{"href":"https:\/\/hardwarexchange.shop\/es\/wp-json\/wp\/v2\/media?parent=95006"}],"wp:term":[{"taxonomy":"product_brand","embeddable":true,"href":"https:\/\/hardwarexchange.shop\/es\/wp-json\/wp\/v2\/product_brand?post=95006"},{"taxonomy":"product_cat","embeddable":true,"href":"https:\/\/hardwarexchange.shop\/es\/wp-json\/wp\/v2\/product_cat?post=95006"},{"taxonomy":"product_tag","embeddable":true,"href":"https:\/\/hardwarexchange.shop\/es\/wp-json\/wp\/v2\/product_tag?post=95006"}],"curies":[{"name":"wp","href":"https:\/\/api.w.org\/{rel}","templated":true}]}}