{"id":95023,"date":"2026-05-13T07:19:25","date_gmt":"2026-05-13T06:19:25","guid":{"rendered":"https:\/\/hardwarexchange.shop\/produit\/bougeoir-en-osier-blanc-avec-ance-en-osier-125-diam-x-h18-cm-wh-38-cm-avec-pot-en-verre-10-diam-x-h10cm\/"},"modified":"2026-05-13T07:20:01","modified_gmt":"2026-05-13T06:20:01","slug":"bougeoir-en-osier-blanc-avec-ance-en-osier-125-diam-x-h18-cm-wh-38-cm-avec-pot-en-verre-10-diam-x-h10cm","status":"publish","type":"product","link":"https:\/\/hardwarexchange.shop\/es\/produit\/bougeoir-en-osier-blanc-avec-ance-en-osier-125-diam-x-h18-cm-wh-38-cm-avec-pot-en-verre-10-diam-x-h10cm\/","title":{"rendered":"Bougeoir en osier blanc avec ance en osier 12,5 diam. x H18 cm-WH 38 cm avec Pot en verre 10 diam x h10cm"},"content":{"rendered":"\n<p>Bougeoir avec poign\u00e9es en corde blanc, 12,5 diam. x H18 cm-WH 38 cm, Pot en verre 10 diam x h10cm<br>Le produit est fabriqu\u00e9 ou fini \u00e0 la main sur commande et a donc un aspect artisanal et irr\u00e9gulier, qui fait son charme.<br>Produit en Asie, fini en Espagne. <br>S\u00e9lectionn\u00e9 pour son charme traditionnel par HardwarExchange.<\/p>\n","protected":false},"excerpt":{"rendered":"<p>Bougeoir avec poign\u00e9es en corde blanc, 12,5 diam. x H18 cm-WH 38 cm, Pot en verre 10 diam x h10cmLe produit est fabriqu\u00e9 ou fini \u00e0 la main sur commande et a donc un aspect artisanal et irr\u00e9gulier, qui fait son charme.Produit en Asie, fini en Espagne. S\u00e9lectionn\u00e9 pour son charme traditionnel par HardwarExchange.<\/p>\n","protected":false},"featured_media":95024,"template":"","meta":{"_acf_changed":false},"product_brand":[],"product_cat":[15],"product_tag":[],"class_list":{"0":"post-95023","1":"product","2":"type-product","3":"status-publish","4":"has-post-thumbnail","6":"product_cat-sans-categorie","7":"product_shipping_class-xsxxs","8":"pa_couleur-blanc","9":"pa_materiau-osier","11":"first","12":"instock","13":"purchasable","14":"product-type-simple"},"acf":[],"_links":{"self":[{"href":"https:\/\/hardwarexchange.shop\/es\/wp-json\/wp\/v2\/product\/95023","targetHints":{"allow":["GET"]}}],"collection":[{"href":"https:\/\/hardwarexchange.shop\/es\/wp-json\/wp\/v2\/product"}],"about":[{"href":"https:\/\/hardwarexchange.shop\/es\/wp-json\/wp\/v2\/types\/product"}],"wp:featuredmedia":[{"embeddable":true,"href":"https:\/\/hardwarexchange.shop\/es\/wp-json\/wp\/v2\/media\/95024"}],"wp:attachment":[{"href":"https:\/\/hardwarexchange.shop\/es\/wp-json\/wp\/v2\/media?parent=95023"}],"wp:term":[{"taxonomy":"product_brand","embeddable":true,"href":"https:\/\/hardwarexchange.shop\/es\/wp-json\/wp\/v2\/product_brand?post=95023"},{"taxonomy":"product_cat","embeddable":true,"href":"https:\/\/hardwarexchange.shop\/es\/wp-json\/wp\/v2\/product_cat?post=95023"},{"taxonomy":"product_tag","embeddable":true,"href":"https:\/\/hardwarexchange.shop\/es\/wp-json\/wp\/v2\/product_tag?post=95023"}],"curies":[{"name":"wp","href":"https:\/\/api.w.org\/{rel}","templated":true}]}}