{"id":95035,"date":"2026-05-13T07:20:05","date_gmt":"2026-05-13T06:20:05","guid":{"rendered":"https:\/\/hardwarexchange.shop\/produit\/grand-bougeoir-rond-en-osier-blanc-115-diam-x-h16-cm-avec-pot-en-verre-10-diam-x-h15cm\/"},"modified":"2026-05-13T07:20:11","modified_gmt":"2026-05-13T06:20:11","slug":"grand-bougeoir-rond-en-osier-blanc-115-diam-x-h16-cm-avec-pot-en-verre-10-diam-x-h15cm","status":"publish","type":"product","link":"https:\/\/hardwarexchange.shop\/es\/produit\/grand-bougeoir-rond-en-osier-blanc-115-diam-x-h16-cm-avec-pot-en-verre-10-diam-x-h15cm\/","title":{"rendered":"Grand bougeoir rond en osier blanc 11,5 diam. x h16 cm avec Pot en verre 10 diam x h15cm"},"content":{"rendered":"\n<p>Grand bougeoir rond en osier blanc, 11,5 diam. x h16 cm, Pot en verre 10 diam x h15cm<br>Le produit est fabriqu\u00e9 ou fini \u00e0 la main sur commande et a donc un aspect artisanal et irr\u00e9gulier, qui fait son charme.<br>Produit en Asie, fini en Espagne. <br>S\u00e9lectionn\u00e9 pour son charme traditionnel par HardwarExchange.<\/p>\n","protected":false},"excerpt":{"rendered":"<p>Grand bougeoir rond en osier blanc, 11,5 diam. x h16 cm, Pot en verre 10 diam x h15cmLe produit est fabriqu\u00e9 ou fini \u00e0 la main sur commande et a donc un aspect artisanal et irr\u00e9gulier, qui fait son charme.Produit en Asie, fini en Espagne. S\u00e9lectionn\u00e9 pour son charme traditionnel par HardwarExchange.<\/p>\n","protected":false},"featured_media":95036,"template":"","meta":{"_acf_changed":false},"product_brand":[],"product_cat":[15],"product_tag":[],"class_list":{"0":"post-95035","1":"product","2":"type-product","3":"status-publish","4":"has-post-thumbnail","6":"product_cat-sans-categorie","7":"product_shipping_class-xsxxs","8":"pa_couleur-blanc","9":"pa_materiau-osier","11":"first","12":"instock","13":"purchasable","14":"product-type-simple"},"acf":[],"_links":{"self":[{"href":"https:\/\/hardwarexchange.shop\/es\/wp-json\/wp\/v2\/product\/95035","targetHints":{"allow":["GET"]}}],"collection":[{"href":"https:\/\/hardwarexchange.shop\/es\/wp-json\/wp\/v2\/product"}],"about":[{"href":"https:\/\/hardwarexchange.shop\/es\/wp-json\/wp\/v2\/types\/product"}],"wp:featuredmedia":[{"embeddable":true,"href":"https:\/\/hardwarexchange.shop\/es\/wp-json\/wp\/v2\/media\/95036"}],"wp:attachment":[{"href":"https:\/\/hardwarexchange.shop\/es\/wp-json\/wp\/v2\/media?parent=95035"}],"wp:term":[{"taxonomy":"product_brand","embeddable":true,"href":"https:\/\/hardwarexchange.shop\/es\/wp-json\/wp\/v2\/product_brand?post=95035"},{"taxonomy":"product_cat","embeddable":true,"href":"https:\/\/hardwarexchange.shop\/es\/wp-json\/wp\/v2\/product_cat?post=95035"},{"taxonomy":"product_tag","embeddable":true,"href":"https:\/\/hardwarexchange.shop\/es\/wp-json\/wp\/v2\/product_tag?post=95035"}],"curies":[{"name":"wp","href":"https:\/\/api.w.org\/{rel}","templated":true}]}}