{"id":95304,"date":"2026-05-13T07:22:57","date_gmt":"2026-05-13T06:22:57","guid":{"rendered":"https:\/\/hardwarexchange.shop\/produit\/filtres-a-eau-pour-gourdes-batons-de-charbon-vegetal-lot-de-2-noir-charbon-actif\/"},"modified":"2026-05-13T07:23:44","modified_gmt":"2026-05-13T06:23:44","slug":"filtres-a-eau-pour-gourdes-batons-de-charbon-vegetal-lot-de-2-noir-charbon-actif","status":"publish","type":"product","link":"https:\/\/hardwarexchange.shop\/es\/produit\/filtres-a-eau-pour-gourdes-batons-de-charbon-vegetal-lot-de-2-noir-charbon-actif\/","title":{"rendered":"Filtres \u00e0 eau pour gourdes B\u00e2tons de charbon v\u00e9g\u00e9tal Lot de 2 &#8211; Noir, Charbon actif"},"content":{"rendered":"\n<p>Filtres \u00e0 eau pour gourdes \u2013 B\u00e2tons de charbon v\u00e9g\u00e9tal fran\u00e7ais \u2013 Lot de 2. Ces filtres en charbon v\u00e9g\u00e9tal fins issus de for\u00eats fran\u00e7aises (Charme, H\u00eatre ou Ch\u00eane) permettent de purifier naturellement l\u2019eau du robinet dans une gourde ou un contenant \u00e0 goulot \u00e9troit, gr\u00e2ce \u00e0 leur diam\u00e8tre r\u00e9duit de 1,5 cm. Ils r\u00e9duisent les impuret\u00e9s, le chlore et am\u00e9liorent le go\u00fbt de l\u2019eau. Leur format fin est adapt\u00e9 aux gourdes du quotidien et aux usages nomades. Chaque b\u00e2ton offre jusqu\u2019\u00e0 6 mois d\u2019efficacit\u00e9. Une solution simple, durable et 100 % naturelle pour boire une eau plus agr\u00e9able partout.<\/p>\n","protected":false},"excerpt":{"rendered":"<p>Filtres \u00e0 eau pour gourdes \u2013 B\u00e2tons de charbon v\u00e9g\u00e9tal fran\u00e7ais \u2013 Lot de 2. Ces filtres en charbon v\u00e9g\u00e9tal fins issus de for\u00eats fran\u00e7aises (Charme, H\u00eatre ou Ch\u00eane) permettent de purifier naturellement l\u2019eau du robinet dans une gourde ou un contenant \u00e0 goulot \u00e9troit, gr\u00e2ce \u00e0 leur diam\u00e8tre r\u00e9duit de 1,5 cm. Ils r\u00e9duisent [&hellip;]<\/p>\n","protected":false},"featured_media":95305,"template":"","meta":{"_acf_changed":false},"product_brand":[],"product_cat":[15],"product_tag":[],"class_list":{"0":"post-95304","1":"product","2":"type-product","3":"status-publish","4":"has-post-thumbnail","6":"product_cat-sans-categorie","7":"product_shipping_class-xsxxs","8":"pa_couleur-noir","9":"pa_materiau-charbon-actif","11":"first","12":"instock","13":"purchasable","14":"product-type-simple"},"acf":[],"_links":{"self":[{"href":"https:\/\/hardwarexchange.shop\/es\/wp-json\/wp\/v2\/product\/95304","targetHints":{"allow":["GET"]}}],"collection":[{"href":"https:\/\/hardwarexchange.shop\/es\/wp-json\/wp\/v2\/product"}],"about":[{"href":"https:\/\/hardwarexchange.shop\/es\/wp-json\/wp\/v2\/types\/product"}],"wp:featuredmedia":[{"embeddable":true,"href":"https:\/\/hardwarexchange.shop\/es\/wp-json\/wp\/v2\/media\/95305"}],"wp:attachment":[{"href":"https:\/\/hardwarexchange.shop\/es\/wp-json\/wp\/v2\/media?parent=95304"}],"wp:term":[{"taxonomy":"product_brand","embeddable":true,"href":"https:\/\/hardwarexchange.shop\/es\/wp-json\/wp\/v2\/product_brand?post=95304"},{"taxonomy":"product_cat","embeddable":true,"href":"https:\/\/hardwarexchange.shop\/es\/wp-json\/wp\/v2\/product_cat?post=95304"},{"taxonomy":"product_tag","embeddable":true,"href":"https:\/\/hardwarexchange.shop\/es\/wp-json\/wp\/v2\/product_tag?post=95304"}],"curies":[{"name":"wp","href":"https:\/\/api.w.org\/{rel}","templated":true}]}}