{"id":104572,"date":"2026-05-13T10:48:09","date_gmt":"2026-05-13T09:48:09","guid":{"rendered":"https:\/\/hardwarexchange.shop\/produit\/poignee-pour-meubles-en-zamac-et-porcelaine-entraxe-96mm-brun-alu-lot-de-25-marron-zamak-4\/"},"modified":"2026-05-13T13:57:39","modified_gmt":"2026-05-13T12:57:39","slug":"poignee-pour-meubles-en-zamac-et-porcelaine-entraxe-96mm-brun-alu-lot-de-25-marron-zamak-4","status":"publish","type":"product","link":"https:\/\/hardwarexchange.shop\/it\/produit\/poignee-pour-meubles-en-zamac-et-porcelaine-entraxe-96mm-brun-alu-lot-de-25-marron-zamak-4\/","title":{"rendered":"Poign\u00e9e pour meubles en zamac et Porcelaine Entraxe 96mm Brun alu Lot de 25 &#8211; Marron, Zamak"},"content":{"rendered":"\n<p>Poign\u00e9e pour meubles en zamac et  Porcelaine  Entraxe 96 mm, finition   Brun alu<br> Cette poign\u00e9e au design raffin\u00e9e, est con\u00e7ue pour donner une finition d\u00e9corative unique et personnalis\u00e9e, aux tiroirs, aux portes d&#8217;armoires ou de placards de votre maison <br> Un coordonn\u00e9 poign\u00e9e et bouton est propos\u00e9, tout comme un large choix de finition, sublimera le charme de votre espace <br> La haute qualit\u00e9 du zamac premi\u00e8re fusion, et la grande r\u00e9sistance de sa finition, ainsi que sa garantie de 5 ans, EXCLUSIVITE HARDWAREXCHANGE, la rend id\u00e9ale pour la cuisine et la salle de bain <br> Tr\u00e8s facile \u00e0 nettoyer et \u00e0 entretenir, en frottant d\u00e9licatement avec un chiffon humide et du savon doux, et un rin\u00e7age \u00e0 l&#8217;eau claire <br> Les vis de fixations de 25 mm sont fournies <br> , et la production en Italie est \u00e9co-lab\u00e9lis\u00e9e par Hardwarexchange et l\u2019 Ad\u00e8me en France. Lot de 25<\/p>\n","protected":false},"excerpt":{"rendered":"<p>Poign\u00e9e pour meubles en zamac et Porcelaine Entraxe 96 mm, finition Brun alu Cette poign\u00e9e au design raffin\u00e9e, est con\u00e7ue pour donner une finition d\u00e9corative unique et personnalis\u00e9e, aux tiroirs, aux portes d&#8217;armoires ou de placards de votre maison Un coordonn\u00e9 poign\u00e9e et bouton est propos\u00e9, tout comme un large choix de finition, sublimera le [&hellip;]<\/p>\n","protected":false},"featured_media":104573,"template":"","meta":{"_acf_changed":false},"product_brand":[],"product_cat":[2325,2360,2283,378],"product_tag":[],"class_list":{"0":"post-104572","1":"product","2":"type-product","3":"status-publish","4":"has-post-thumbnail","6":"product_cat-bouton-et-poignee-de-meuble","7":"product_cat-poignee","8":"product_cat-pour-le-meuble","9":"product_cat-quincaillerie","10":"product_shipping_class-free","11":"pa_couleur-marron","12":"pa_materiau-zamak","14":"first","15":"instock","16":"purchasable","17":"product-type-simple"},"acf":[],"_links":{"self":[{"href":"https:\/\/hardwarexchange.shop\/it\/wp-json\/wp\/v2\/product\/104572","targetHints":{"allow":["GET"]}}],"collection":[{"href":"https:\/\/hardwarexchange.shop\/it\/wp-json\/wp\/v2\/product"}],"about":[{"href":"https:\/\/hardwarexchange.shop\/it\/wp-json\/wp\/v2\/types\/product"}],"wp:featuredmedia":[{"embeddable":true,"href":"https:\/\/hardwarexchange.shop\/it\/wp-json\/wp\/v2\/media\/104573"}],"wp:attachment":[{"href":"https:\/\/hardwarexchange.shop\/it\/wp-json\/wp\/v2\/media?parent=104572"}],"wp:term":[{"taxonomy":"product_brand","embeddable":true,"href":"https:\/\/hardwarexchange.shop\/it\/wp-json\/wp\/v2\/product_brand?post=104572"},{"taxonomy":"product_cat","embeddable":true,"href":"https:\/\/hardwarexchange.shop\/it\/wp-json\/wp\/v2\/product_cat?post=104572"},{"taxonomy":"product_tag","embeddable":true,"href":"https:\/\/hardwarexchange.shop\/it\/wp-json\/wp\/v2\/product_tag?post=104572"}],"curies":[{"name":"wp","href":"https:\/\/api.w.org\/{rel}","templated":true}]}}