{"id":107163,"date":"2026-05-13T11:19:36","date_gmt":"2026-05-13T10:19:36","guid":{"rendered":"https:\/\/hardwarexchange.shop\/produit\/frein-de-retention-force-30-n-en-aluminium-noir-pour-porte-jusqua-15-kg-2\/"},"modified":"2026-05-13T14:02:33","modified_gmt":"2026-05-13T13:02:33","slug":"frein-de-retention-force-30-n-en-aluminium-noir-pour-porte-jusqua-15-kg-2","status":"publish","type":"product","link":"https:\/\/hardwarexchange.shop\/it\/produit\/frein-de-retention-force-30-n-en-aluminium-noir-pour-porte-jusqua-15-kg-2\/","title":{"rendered":"Frein de r\u00e9tention force 30 N en aluminium Noir pour porte jusqu\u2019\u00e0 15 KG"},"content":{"rendered":"\n<p>Frein de r\u00e9tention de porte. Amorti \u00e0 la fermeture de la porte, les claquements et les bruits, li\u00e9s aux courant d&#8217;air, \u00e0 une mauvaise utilisation de la porte ou \u00e0 des syst\u00e8mes d\u2019aide \u00e0 la fermeture automatique pr\u00e9alablement install\u00e9s d\u00e9fectueux ou trop faible. Agit dans les 10 derniers degr\u00e9s, afin d&#8217;assurer la fermeture en douceur de la porte.<br \/><br>Particuli\u00e8rement adapt\u00e9 pour les portes de pi\u00e8ces n\u00e9cessitant une grande fiabilit\u00e9 de fermeture, et de silence. Peut se coupler avec un ferme porte existant.<br \/><br>Mat\u00e9riaux du corps du cylindre : aluminium anodis\u00e9.<br \/><br>Autres composants externes fourni avec : Crochet : acier (peint), Goupilles : acier (zingu\u00e9). Bague : caoutchouc synth\u00e9tique. Mat\u00e9riaux int\u00e9rieurs : huile hydraulique, ressort int\u00e9rieur sp\u00e9cial.<br \/><br>Fonctionnement du m\u00e9canisme : syst\u00e8me hydraulique d\u2019amortissement. <br \/><br>Plusieurs forces de fermeture et finitions sont disponibles, ainsi qu\u2019un mod\u00e8le \u00e0 la force r\u00e9glable. <br \/><br>Produit de haute technicit\u00e9 et qualit\u00e9 garantie, Fabriqu\u00e9 en Espagne. <br \/><\/p>\n","protected":false},"excerpt":{"rendered":"<p>Frein de r\u00e9tention de porte. Amorti \u00e0 la fermeture de la porte, les claquements et les bruits, li\u00e9s aux courant d&#8217;air, \u00e0 une mauvaise utilisation de la porte ou \u00e0 des syst\u00e8mes d\u2019aide \u00e0 la fermeture automatique pr\u00e9alablement install\u00e9s d\u00e9fectueux ou trop faible. Agit dans les 10 derniers degr\u00e9s, afin d&#8217;assurer la fermeture en douceur [&hellip;]<\/p>\n","protected":false},"featured_media":106958,"template":"","meta":{"_acf_changed":false},"product_brand":[],"product_cat":[2326,2361,2283,378],"product_tag":[],"class_list":{"0":"post-107163","1":"product","2":"type-product","3":"status-publish","4":"has-post-thumbnail","6":"product_cat-charniere-paumelle-fiche","7":"product_cat-frein-amortisseur","8":"product_cat-pour-le-meuble","9":"product_cat-quincaillerie","10":"product_shipping_class-xsxxs","11":"pa_couleur-noir","12":"pa_materiau-aluminium","14":"first","15":"instock","16":"purchasable","17":"product-type-simple"},"acf":[],"_links":{"self":[{"href":"https:\/\/hardwarexchange.shop\/it\/wp-json\/wp\/v2\/product\/107163","targetHints":{"allow":["GET"]}}],"collection":[{"href":"https:\/\/hardwarexchange.shop\/it\/wp-json\/wp\/v2\/product"}],"about":[{"href":"https:\/\/hardwarexchange.shop\/it\/wp-json\/wp\/v2\/types\/product"}],"wp:featuredmedia":[{"embeddable":true,"href":"https:\/\/hardwarexchange.shop\/it\/wp-json\/wp\/v2\/media\/106958"}],"wp:attachment":[{"href":"https:\/\/hardwarexchange.shop\/it\/wp-json\/wp\/v2\/media?parent=107163"}],"wp:term":[{"taxonomy":"product_brand","embeddable":true,"href":"https:\/\/hardwarexchange.shop\/it\/wp-json\/wp\/v2\/product_brand?post=107163"},{"taxonomy":"product_cat","embeddable":true,"href":"https:\/\/hardwarexchange.shop\/it\/wp-json\/wp\/v2\/product_cat?post=107163"},{"taxonomy":"product_tag","embeddable":true,"href":"https:\/\/hardwarexchange.shop\/it\/wp-json\/wp\/v2\/product_tag?post=107163"}],"curies":[{"name":"wp","href":"https:\/\/api.w.org\/{rel}","templated":true}]}}