{"id":1112,"date":"2026-01-14T09:48:14","date_gmt":"2026-01-14T08:48:14","guid":{"rendered":"https:\/\/hardwarexchange.shop\/producto\/boutons-pour-meubles-260\/"},"modified":"2026-01-14T09:48:18","modified_gmt":"2026-01-14T08:48:18","slug":"boutons-pour-meubles-en-zamac-et-porcelaine-diametre-35-patine-royale-blanche-argentee","status":"publish","type":"product","link":"https:\/\/hardwarexchange.shop\/it\/produit\/boutons-pour-meubles-en-zamac-et-porcelaine-diametre-35-patine-royale-blanche-argentee\/","title":{"rendered":"Boutons pour meubles en zamac et  Porcelaine  Diam\u00e8tre 35  Patine royale blanche argent\u00e9e"},"content":{"rendered":"<p>Boutons pour meubles,  <br \/> Mati\u00e8re Alliage de zinc \/ Porcelaine,<br \/>Style Classique <br \/> Diam\u00e8tre 35, <br \/> Finition Patine royale blanche argent\u00e9e <br \/> Produit con\u00e7u \u00e9cologiquement et de mani\u00e8re Eco-durable et certifi\u00e9,<br \/> Produit en Italie, <br \/>https:\/\/www,instagram,com\/p\/CcpiumHqzpP\/ <br \/>S\u00e9lectionn\u00e9 pour son excellence par HardwarExchange<br \/>nnnn&#038;nbsp<\/p>\n","protected":false},"excerpt":{"rendered":"<p>Boutons pour meubles en zamac et  Porcelaine  Diam\u00e8tre 35  Patine royale blanche argent\u00e9e<\/p>\n","protected":false},"featured_media":6923,"template":"","meta":{"_acf_changed":false},"product_brand":[],"product_cat":[1844],"product_tag":[],"class_list":{"0":"post-1112","1":"product","2":"type-product","3":"status-publish","4":"has-post-thumbnail","6":"product_cat-bouton-de-meuble-quincaillerie","7":"product_shipping_class-giusti","9":"first","10":"instock","11":"purchasable","12":"product-type-simple"},"acf":[],"_links":{"self":[{"href":"https:\/\/hardwarexchange.shop\/it\/wp-json\/wp\/v2\/product\/1112","targetHints":{"allow":["GET"]}}],"collection":[{"href":"https:\/\/hardwarexchange.shop\/it\/wp-json\/wp\/v2\/product"}],"about":[{"href":"https:\/\/hardwarexchange.shop\/it\/wp-json\/wp\/v2\/types\/product"}],"wp:featuredmedia":[{"embeddable":true,"href":"https:\/\/hardwarexchange.shop\/it\/wp-json\/wp\/v2\/media\/6923"}],"wp:attachment":[{"href":"https:\/\/hardwarexchange.shop\/it\/wp-json\/wp\/v2\/media?parent=1112"}],"wp:term":[{"taxonomy":"product_brand","embeddable":true,"href":"https:\/\/hardwarexchange.shop\/it\/wp-json\/wp\/v2\/product_brand?post=1112"},{"taxonomy":"product_cat","embeddable":true,"href":"https:\/\/hardwarexchange.shop\/it\/wp-json\/wp\/v2\/product_cat?post=1112"},{"taxonomy":"product_tag","embeddable":true,"href":"https:\/\/hardwarexchange.shop\/it\/wp-json\/wp\/v2\/product_tag?post=1112"}],"curies":[{"name":"wp","href":"https:\/\/api.w.org\/{rel}","templated":true}]}}