{"id":1365,"date":"2026-05-13T09:40:11","date_gmt":"2026-05-13T08:40:11","guid":{"rendered":"https:\/\/hardwarexchange.shop\/producto\/poignee-de-porte-lot-de-6-boutons-en-aluminium-finition-gris-antique-2\/"},"modified":"2026-05-13T13:41:08","modified_gmt":"2026-05-13T12:41:08","slug":"poignee-bouton-de-porte-o50-mm-couple-complet-en-aluminium-gris-antique-lot-de-6-couples-gris-argent","status":"publish","type":"product","link":"https:\/\/hardwarexchange.shop\/it\/produit\/poignee-bouton-de-porte-o50-mm-couple-complet-en-aluminium-gris-antique-lot-de-6-couples-gris-argent\/","title":{"rendered":"Poign\u00e9e bouton De Porte \u00d850 mm &#8211; couple complet &#8211; en Aluminium GRIS ANTIQUE lot de 6 couples &#8211; Gris \/ argent"},"content":{"rendered":"\n<p>Poign\u00e9e -bouton De Porte, En Aluminium. Couple complet de 2 Bouton, carr\u00e9 et vis<br>Le bouton en aluminium, permet des formes exclusives, des finitions a hautes r\u00e9sistances, une grande r\u00e9sistance \u00e0 la corrosion, et un excellent rapport qualit\u00e9 prix.<br>La finition est :   BLANC RAL 9010                le diam\u00e8tre est : 50mm<br>Le bouton fait office de poign\u00e9e, son carr\u00e9 de 7 mm permettant de man\u0153uvrer le p\u00eane de la serrure.<br>Sa forme ronde et son diam\u00e8tre, assure une parfaite et agr\u00e9able prise en main, ainsi qu\u2019un point d\u2019appuis tr\u00e8s adapt\u00e9 pour des portes lourdes.<br>La rosace fonction, pour la clef ou le cylindre, si n\u00e9cessaire, doit \u00eatre command\u00e9e \u00e0 part.<br>Fabriqu\u00e9 en Italie et s\u00e9lectionn\u00e9 pour son excellence par HardwarExchange.<\/p>\n","protected":false},"excerpt":{"rendered":"<p>Poign\u00e9e -bouton De Porte, En Aluminium. Couple complet de 2 Bouton, carr\u00e9 et visLe bouton en aluminium, permet des formes exclusives, des finitions a hautes r\u00e9sistances, une grande r\u00e9sistance \u00e0 la corrosion, et un excellent rapport qualit\u00e9 prix.La finition est : BLANC RAL 9010 le diam\u00e8tre est : 50mmLe bouton fait office de poign\u00e9e, son [&hellip;]<\/p>\n","protected":false},"featured_media":59568,"template":"","meta":{"_acf_changed":false},"product_brand":[],"product_cat":[2323,2357,2281,378],"product_tag":[],"class_list":{"0":"post-1365","1":"product","2":"type-product","3":"status-publish","4":"has-post-thumbnail","6":"product_cat-poignee-de-porte","7":"product_cat-poignee-de-porte-sur-rosace","8":"product_cat-pour-la-porte","9":"product_cat-quincaillerie","10":"product_shipping_class-init","11":"pa_couleur-gris-argent","12":"pa_materiau-aluminium","14":"first","15":"instock","16":"purchasable","17":"product-type-simple"},"acf":[],"_links":{"self":[{"href":"https:\/\/hardwarexchange.shop\/it\/wp-json\/wp\/v2\/product\/1365","targetHints":{"allow":["GET"]}}],"collection":[{"href":"https:\/\/hardwarexchange.shop\/it\/wp-json\/wp\/v2\/product"}],"about":[{"href":"https:\/\/hardwarexchange.shop\/it\/wp-json\/wp\/v2\/types\/product"}],"wp:featuredmedia":[{"embeddable":true,"href":"https:\/\/hardwarexchange.shop\/it\/wp-json\/wp\/v2\/media\/59568"}],"wp:attachment":[{"href":"https:\/\/hardwarexchange.shop\/it\/wp-json\/wp\/v2\/media?parent=1365"}],"wp:term":[{"taxonomy":"product_brand","embeddable":true,"href":"https:\/\/hardwarexchange.shop\/it\/wp-json\/wp\/v2\/product_brand?post=1365"},{"taxonomy":"product_cat","embeddable":true,"href":"https:\/\/hardwarexchange.shop\/it\/wp-json\/wp\/v2\/product_cat?post=1365"},{"taxonomy":"product_tag","embeddable":true,"href":"https:\/\/hardwarexchange.shop\/it\/wp-json\/wp\/v2\/product_tag?post=1365"}],"curies":[{"name":"wp","href":"https:\/\/api.w.org\/{rel}","templated":true}]}}