{"id":180,"date":"2026-05-13T07:50:58","date_gmt":"2026-05-13T06:50:58","guid":{"rendered":"https:\/\/hardwarexchange.shop\/producto\/boutons-pour-meubles-72\/"},"modified":"2026-05-13T07:51:31","modified_gmt":"2026-05-13T06:51:31","slug":"bouton-pour-meubles-en-zamac-diametre-15mm-florence-antique-marron-zamak","status":"publish","type":"product","link":"https:\/\/hardwarexchange.shop\/it\/produit\/bouton-pour-meubles-en-zamac-diametre-15mm-florence-antique-marron-zamak\/","title":{"rendered":"Bouton pour meubles en zamac Diam\u00e8tre 15mm Florence antique &#8211; Marron, Zamak"},"content":{"rendered":"\n<p>Bouton pour meubles en zamac  Diam\u00e8tre 15mm, finition Florence antique<br> Ce bouton au design raffin\u00e9, est con\u00e7u pour donner une finition d\u00e9corative unique et personnalis\u00e9e, aux tiroirs, aux portes d\u2019armoires ou de placards de votre maison <br> Un coordonn\u00e9 poign\u00e9e et bouton est propos\u00e9, tout comme un large choix de finition, sublimera le charme de votre espace <br> La haute qualit\u00e9 du en zamac premi\u00e8re fusion, et la grande r\u00e9sistance de sa finition, ainsi que sa garantie de 5 ans, EXCLUSIVITE HARDWAREXCHANGE, le rend id\u00e9al pour la cuisine et la salle de bain <br> Tr\u00e8s facile \u00e0 nettoyer et \u00e0 entretenir, en frottant d\u00e9licatement avec un chiffon humide et du savon doux, et un rin\u00e7age \u00e0 l\u2019eau claire <br> Les vis de fixations de 25 mm sont fournies <br>Les emballages sont certifi\u00e9s FSC, et la production en Italie est \u00e9co-lab\u00e9lis\u00e9e par Hardwarexchange et l\u2019 Ad\u00e8me en France.<\/p>\n","protected":false},"excerpt":{"rendered":"<p>Bouton pour meubles en zamac Diam\u00e8tre 15mm, finition Florence antique Ce bouton au design raffin\u00e9, est con\u00e7u pour donner une finition d\u00e9corative unique et personnalis\u00e9e, aux tiroirs, aux portes d\u2019armoires ou de placards de votre maison Un coordonn\u00e9 poign\u00e9e et bouton est propos\u00e9, tout comme un large choix de finition, sublimera le charme de votre [&hellip;]<\/p>\n","protected":false},"featured_media":96453,"template":"","meta":{"_acf_changed":false},"product_brand":[],"product_cat":[15],"product_tag":[],"class_list":{"0":"post-180","1":"product","2":"type-product","3":"status-publish","4":"has-post-thumbnail","6":"product_cat-sans-categorie","7":"product_shipping_class-xsxxs","8":"pa_couleur-marron","9":"pa_materiau-zamak","11":"first","12":"instock","13":"purchasable","14":"product-type-simple"},"acf":[],"_links":{"self":[{"href":"https:\/\/hardwarexchange.shop\/it\/wp-json\/wp\/v2\/product\/180","targetHints":{"allow":["GET"]}}],"collection":[{"href":"https:\/\/hardwarexchange.shop\/it\/wp-json\/wp\/v2\/product"}],"about":[{"href":"https:\/\/hardwarexchange.shop\/it\/wp-json\/wp\/v2\/types\/product"}],"wp:featuredmedia":[{"embeddable":true,"href":"https:\/\/hardwarexchange.shop\/it\/wp-json\/wp\/v2\/media\/96453"}],"wp:attachment":[{"href":"https:\/\/hardwarexchange.shop\/it\/wp-json\/wp\/v2\/media?parent=180"}],"wp:term":[{"taxonomy":"product_brand","embeddable":true,"href":"https:\/\/hardwarexchange.shop\/it\/wp-json\/wp\/v2\/product_brand?post=180"},{"taxonomy":"product_cat","embeddable":true,"href":"https:\/\/hardwarexchange.shop\/it\/wp-json\/wp\/v2\/product_cat?post=180"},{"taxonomy":"product_tag","embeddable":true,"href":"https:\/\/hardwarexchange.shop\/it\/wp-json\/wp\/v2\/product_tag?post=180"}],"curies":[{"name":"wp","href":"https:\/\/api.w.org\/{rel}","templated":true}]}}