{"id":61788,"date":"2026-05-13T09:48:51","date_gmt":"2026-05-13T08:48:51","guid":{"rendered":"https:\/\/hardwarexchange.shop\/produit\/poignee-de-tirage-diametre-30-mm-entraxe500-s80-a70-l650-mm-inclinee-45-inox-304-laque-ral-9005-noir-mat\/"},"modified":"2026-05-13T13:43:15","modified_gmt":"2026-05-13T12:43:15","slug":"poignee-de-tirage-diametre-30-mm-entraxe500-s80-a70-l650-mm-inclinee-45-inox-304-laque-ral-9005-noir-mat-acier-inoxydable","status":"publish","type":"product","link":"https:\/\/hardwarexchange.shop\/it\/produit\/poignee-de-tirage-diametre-30-mm-entraxe500-s80-a70-l650-mm-inclinee-45-inox-304-laque-ral-9005-noir-mat-acier-inoxydable\/","title":{"rendered":"Poign\u00e9e de tirage Diam\u00e8tre 30 mm &#8211; Entraxe=500 &#8211; S=80 &#8211; A=70 &#8211; L=650 mm &#8211; inclin\u00e9e 45\u00b0 &#8211; INOX 304 Laqu\u00e9 RAL 9005 Noir Mat &#8211; Acier inoxydable"},"content":{"rendered":"\n<p>Poign\u00e9e de tirage Professionnelle &#8211; inclin\u00e9e 45\u00b0 -Diam\u00e8tre 30 mm &#8211; Entraxe=500 mm &#8211; Longueur 650 mm -Hauteur 80 mm &#8211; en INOX 304 ( A2) Finition Laqu\u00e9e RAL 9005 Noir Mat. <br>Livr\u00e9e avec 2 fixations simples, traversants la porte et tr\u00e8s facile \u00e0 installer, compos\u00e9es de 2 tiges filet\u00e9es en fer zingu\u00e9e de longueur 52 mm x diam\u00e8tre 8 mm, qui se visse sur une olive en Laiton, bloqu\u00e9e par une vis pointeau lat\u00e9rale dans le tube, M6 mm en inox, s&#8217;accouplant dans une bague en Inox, sertis dans le tube de la poign\u00e9e, et 2 \u00e9crous et 2 rondelles.<br>Produit en Italie. <br>S\u00e9lectionn\u00e9 pour son excellence par HardwarExchange<br><\/p>\n","protected":false},"excerpt":{"rendered":"<p>Poign\u00e9e de tirage Professionnelle &#8211; inclin\u00e9e 45\u00b0 -Diam\u00e8tre 30 mm &#8211; Entraxe=500 mm &#8211; Longueur 650 mm -Hauteur 80 mm &#8211; en INOX 304 ( A2) Finition Laqu\u00e9e RAL 9005 Noir Mat. Livr\u00e9e avec 2 fixations simples, traversants la porte et tr\u00e8s facile \u00e0 installer, compos\u00e9es de 2 tiges filet\u00e9es en fer zingu\u00e9e de longueur [&hellip;]<\/p>\n","protected":false},"featured_media":51939,"template":"","meta":{"_acf_changed":false},"product_brand":[],"product_cat":[2321,2281,378,2355],"product_tag":[],"class_list":{"0":"post-61788","1":"product","2":"type-product","3":"status-publish","4":"has-post-thumbnail","6":"product_cat-baton-de-tirage-heurtoir","7":"product_cat-pour-la-porte","8":"product_cat-quincaillerie","9":"product_cat-tirant-de-porte","10":"product_shipping_class-xsxxs","11":"pa_couleur-noir","12":"pa_materiau-acier-inoxydable","14":"first","15":"instock","16":"purchasable","17":"product-type-simple"},"acf":[],"_links":{"self":[{"href":"https:\/\/hardwarexchange.shop\/it\/wp-json\/wp\/v2\/product\/61788","targetHints":{"allow":["GET"]}}],"collection":[{"href":"https:\/\/hardwarexchange.shop\/it\/wp-json\/wp\/v2\/product"}],"about":[{"href":"https:\/\/hardwarexchange.shop\/it\/wp-json\/wp\/v2\/types\/product"}],"wp:featuredmedia":[{"embeddable":true,"href":"https:\/\/hardwarexchange.shop\/it\/wp-json\/wp\/v2\/media\/51939"}],"wp:attachment":[{"href":"https:\/\/hardwarexchange.shop\/it\/wp-json\/wp\/v2\/media?parent=61788"}],"wp:term":[{"taxonomy":"product_brand","embeddable":true,"href":"https:\/\/hardwarexchange.shop\/it\/wp-json\/wp\/v2\/product_brand?post=61788"},{"taxonomy":"product_cat","embeddable":true,"href":"https:\/\/hardwarexchange.shop\/it\/wp-json\/wp\/v2\/product_cat?post=61788"},{"taxonomy":"product_tag","embeddable":true,"href":"https:\/\/hardwarexchange.shop\/it\/wp-json\/wp\/v2\/product_tag?post=61788"}],"curies":[{"name":"wp","href":"https:\/\/api.w.org\/{rel}","templated":true}]}}