{"id":63246,"date":"2026-05-13T11:36:23","date_gmt":"2026-05-13T10:36:23","guid":{"rendered":"https:\/\/hardwarexchange.shop\/produit\/poignee-de-meuble-en-zamac-finition-chrome-brillant-e-128-mm-7\/"},"modified":"2026-05-13T14:06:21","modified_gmt":"2026-05-13T13:06:21","slug":"poignee-de-meuble-en-zamac-finition-chrome-brillant-e-128-mm-gris-argent-zamak-4","status":"publish","type":"product","link":"https:\/\/hardwarexchange.shop\/it\/produit\/poignee-de-meuble-en-zamac-finition-chrome-brillant-e-128-mm-gris-argent-zamak-4\/","title":{"rendered":"Poign\u00e9e de meuble en zamac finition chrome brillant e 128 mm &#8211; Gris \/ argent, Zamak"},"content":{"rendered":"\n<p>Poign\u00e9e de meuble en zamac finition chrome brillant entraxe 128 mm. Livr\u00e9 avec vis 25&#215;4 mm. Produit de qualit\u00e9, fabriqu\u00e9 en Italie.<\/p>\n","protected":false},"excerpt":{"rendered":"<p>Poign\u00e9e de meuble en zamac finition chrome brillant entraxe 128 mm. Livr\u00e9 avec vis 25&#215;4 mm. Produit de qualit\u00e9, fabriqu\u00e9 en Italie.<\/p>\n","protected":false},"featured_media":61111,"template":"","meta":{"_acf_changed":false},"product_brand":[],"product_cat":[2325,2360,2283,378],"product_tag":[],"class_list":{"0":"post-63246","1":"product","2":"type-product","3":"status-publish","4":"has-post-thumbnail","6":"product_cat-bouton-et-poignee-de-meuble","7":"product_cat-poignee","8":"product_cat-pour-le-meuble","9":"product_cat-quincaillerie","10":"product_shipping_class-xsxxs","11":"pa_couleur-gris-argent","12":"pa_materiau-zamak","14":"first","15":"instock","16":"purchasable","17":"product-type-simple"},"acf":[],"_links":{"self":[{"href":"https:\/\/hardwarexchange.shop\/it\/wp-json\/wp\/v2\/product\/63246","targetHints":{"allow":["GET"]}}],"collection":[{"href":"https:\/\/hardwarexchange.shop\/it\/wp-json\/wp\/v2\/product"}],"about":[{"href":"https:\/\/hardwarexchange.shop\/it\/wp-json\/wp\/v2\/types\/product"}],"wp:featuredmedia":[{"embeddable":true,"href":"https:\/\/hardwarexchange.shop\/it\/wp-json\/wp\/v2\/media\/61111"}],"wp:attachment":[{"href":"https:\/\/hardwarexchange.shop\/it\/wp-json\/wp\/v2\/media?parent=63246"}],"wp:term":[{"taxonomy":"product_brand","embeddable":true,"href":"https:\/\/hardwarexchange.shop\/it\/wp-json\/wp\/v2\/product_brand?post=63246"},{"taxonomy":"product_cat","embeddable":true,"href":"https:\/\/hardwarexchange.shop\/it\/wp-json\/wp\/v2\/product_cat?post=63246"},{"taxonomy":"product_tag","embeddable":true,"href":"https:\/\/hardwarexchange.shop\/it\/wp-json\/wp\/v2\/product_tag?post=63246"}],"curies":[{"name":"wp","href":"https:\/\/api.w.org\/{rel}","templated":true}]}}