{"id":64403,"date":"2026-05-13T09:41:58","date_gmt":"2026-05-13T08:41:58","guid":{"rendered":"https:\/\/hardwarexchange.shop\/produit\/bouton-de-meuble-en-zamac-finition-blanc-brillant-d-16mm-2\/"},"modified":"2026-05-13T13:41:30","modified_gmt":"2026-05-13T12:41:30","slug":"bouton-de-meuble-en-zamac-finition-blanc-brillant-d-16mm-zamak","status":"publish","type":"product","link":"https:\/\/hardwarexchange.shop\/it\/produit\/bouton-de-meuble-en-zamac-finition-blanc-brillant-d-16mm-zamak\/","title":{"rendered":"Bouton de meuble en zamac finition blanc brillant D 16mm &#8211; Zamak"},"content":{"rendered":"\n<p>Bouton de meuble en zamac finition blanc brillant RAL 9003 diam\u00e8tre 16 mm. Livr\u00e9 avec vis 25&#215;4 mm. Produit de qualit\u00e9, fabriqu\u00e9 en Italie<\/p>\n","protected":false},"excerpt":{"rendered":"<p>Bouton de meuble en zamac finition blanc brillant RAL 9003 diam\u00e8tre 16 mm. Livr\u00e9 avec vis 25&#215;4 mm. Produit de qualit\u00e9, fabriqu\u00e9 en Italie<\/p>\n","protected":false},"featured_media":61273,"template":"","meta":{"_acf_changed":false},"product_brand":[],"product_cat":[2359,2325,2283,378],"product_tag":[],"class_list":{"0":"post-64403","1":"product","2":"type-product","3":"status-publish","4":"has-post-thumbnail","6":"product_cat-bouton","7":"product_cat-bouton-et-poignee-de-meuble","8":"product_cat-pour-le-meuble","9":"product_cat-quincaillerie","10":"product_shipping_class-xsxxs","11":"pa_couleur-blanc","12":"pa_materiau-zamak","14":"first","15":"instock","16":"purchasable","17":"product-type-simple"},"acf":[],"_links":{"self":[{"href":"https:\/\/hardwarexchange.shop\/it\/wp-json\/wp\/v2\/product\/64403","targetHints":{"allow":["GET"]}}],"collection":[{"href":"https:\/\/hardwarexchange.shop\/it\/wp-json\/wp\/v2\/product"}],"about":[{"href":"https:\/\/hardwarexchange.shop\/it\/wp-json\/wp\/v2\/types\/product"}],"wp:featuredmedia":[{"embeddable":true,"href":"https:\/\/hardwarexchange.shop\/it\/wp-json\/wp\/v2\/media\/61273"}],"wp:attachment":[{"href":"https:\/\/hardwarexchange.shop\/it\/wp-json\/wp\/v2\/media?parent=64403"}],"wp:term":[{"taxonomy":"product_brand","embeddable":true,"href":"https:\/\/hardwarexchange.shop\/it\/wp-json\/wp\/v2\/product_brand?post=64403"},{"taxonomy":"product_cat","embeddable":true,"href":"https:\/\/hardwarexchange.shop\/it\/wp-json\/wp\/v2\/product_cat?post=64403"},{"taxonomy":"product_tag","embeddable":true,"href":"https:\/\/hardwarexchange.shop\/it\/wp-json\/wp\/v2\/product_tag?post=64403"}],"curies":[{"name":"wp","href":"https:\/\/api.w.org\/{rel}","templated":true}]}}