{"id":65459,"date":"2025-12-02T14:18:19","date_gmt":"2025-12-02T13:18:19","guid":{"rendered":"https:\/\/hardwarexchange.shop\/produit\/bouton-fixe-de-tirage-de-porte-lot-de-6d70-mm-en-laiton-laiton-revetu-de-pvd-avec-systeme-de-fixation\/"},"modified":"2025-12-02T14:18:21","modified_gmt":"2025-12-02T13:18:21","slug":"bouton-fixe-de-tirage-de-porte-lot-de-6d70-mm-en-laiton-laiton-revetu-de-pvd-avec-systeme-de-fixation","status":"publish","type":"product","link":"https:\/\/hardwarexchange.shop\/it\/produit\/bouton-fixe-de-tirage-de-porte-lot-de-6d70-mm-en-laiton-laiton-revetu-de-pvd-avec-systeme-de-fixation\/","title":{"rendered":"Bouton fixe, de tirage de porte, Lot de 6,D:70 mm, en Laiton, Laiton rev\u00eatu de PVD, avec syst\u00e8me de fixation"},"content":{"rendered":"<p>Bouton fixe, de tirage de porte, Diam\u00e8tre 70 mm, En Laiton PVD, Lot de 6 boutons, Le PVD est une finition extr\u00e8mement r\u00e9sistante aux frottements, aux agr\u00e9ssions climatique ou chimique, d&#8217;aspect finition laiton poli vernis,nnnn&#038;nbsp<\/p>\n","protected":false},"excerpt":{"rendered":"<p>Bouton fixe, de tirage de porte, Diam\u00e8tre 70 mm, En Laiton PVD, Lot de 6 boutons, Le PVD est une finition extr\u00e8mement r\u00e9sistante aux frottements, aux agr\u00e9ssions climatique ou chimique, d&#8217;aspect finition laiton poli vernis,nnnn&#038;nbsp<\/p>\n","protected":false},"featured_media":65387,"template":"","meta":{"_acf_changed":false},"product_brand":[],"product_cat":[1691],"product_tag":[],"class_list":{"0":"post-65459","1":"product","2":"type-product","3":"status-publish","4":"has-post-thumbnail","6":"product_cat-bouton-de-porte-quincaillerie","7":"product_shipping_class-saguatti","9":"first","10":"instock","11":"purchasable","12":"product-type-simple"},"acf":[],"_links":{"self":[{"href":"https:\/\/hardwarexchange.shop\/it\/wp-json\/wp\/v2\/product\/65459","targetHints":{"allow":["GET"]}}],"collection":[{"href":"https:\/\/hardwarexchange.shop\/it\/wp-json\/wp\/v2\/product"}],"about":[{"href":"https:\/\/hardwarexchange.shop\/it\/wp-json\/wp\/v2\/types\/product"}],"wp:featuredmedia":[{"embeddable":true,"href":"https:\/\/hardwarexchange.shop\/it\/wp-json\/wp\/v2\/media\/65387"}],"wp:attachment":[{"href":"https:\/\/hardwarexchange.shop\/it\/wp-json\/wp\/v2\/media?parent=65459"}],"wp:term":[{"taxonomy":"product_brand","embeddable":true,"href":"https:\/\/hardwarexchange.shop\/it\/wp-json\/wp\/v2\/product_brand?post=65459"},{"taxonomy":"product_cat","embeddable":true,"href":"https:\/\/hardwarexchange.shop\/it\/wp-json\/wp\/v2\/product_cat?post=65459"},{"taxonomy":"product_tag","embeddable":true,"href":"https:\/\/hardwarexchange.shop\/it\/wp-json\/wp\/v2\/product_tag?post=65459"}],"curies":[{"name":"wp","href":"https:\/\/api.w.org\/{rel}","templated":true}]}}