{"id":65917,"date":"2026-05-13T07:21:12","date_gmt":"2026-05-13T06:21:12","guid":{"rendered":"https:\/\/hardwarexchange.shop\/produit\/porte-2-bouteilles-poignees-metal-lot-de-2\/"},"modified":"2026-05-13T07:21:25","modified_gmt":"2026-05-13T06:21:25","slug":"porte-2-bouteilles-poignee-metal-marron-bois","status":"publish","type":"product","link":"https:\/\/hardwarexchange.shop\/it\/produit\/porte-2-bouteilles-poignee-metal-marron-bois\/","title":{"rendered":"Porte 2 bouteilles, Poign\u00e9e metal. &#8211; Marron, Bois"},"content":{"rendered":"\n<p>Panier porte 2 bouteilles en verre, Poign\u00e9e metal 18\u00d78,5 x h9cm\/17cm. Mati\u00e8re Bois de sapin et verre <br>Le produit est fabriqu\u00e9 ou fini \u00e0 la main sur commande et a donc un aspect artisanal et irr\u00e9gulier, qui fait son charme.<br>Produit en Asie, fini en Espagne. <br>S\u00e9lectionn\u00e9 pour son charme traditionnel par HardwarExchange.<\/p>\n","protected":false},"excerpt":{"rendered":"<p>Panier porte 2 bouteilles en verre, Poign\u00e9e metal 18\u00d78,5 x h9cm\/17cm. Mati\u00e8re Bois de sapin et verre Le produit est fabriqu\u00e9 ou fini \u00e0 la main sur commande et a donc un aspect artisanal et irr\u00e9gulier, qui fait son charme.Produit en Asie, fini en Espagne. S\u00e9lectionn\u00e9 pour son charme traditionnel par HardwarExchange.<\/p>\n","protected":false},"featured_media":95128,"template":"","meta":{"_acf_changed":false},"product_brand":[],"product_cat":[15],"product_tag":[],"class_list":{"0":"post-65917","1":"product","2":"type-product","3":"status-publish","4":"has-post-thumbnail","6":"product_cat-sans-categorie","7":"product_shipping_class-xsxxs","8":"pa_couleur-marron","9":"pa_materiau-bois","11":"first","12":"instock","13":"purchasable","14":"product-type-simple"},"acf":[],"_links":{"self":[{"href":"https:\/\/hardwarexchange.shop\/it\/wp-json\/wp\/v2\/product\/65917","targetHints":{"allow":["GET"]}}],"collection":[{"href":"https:\/\/hardwarexchange.shop\/it\/wp-json\/wp\/v2\/product"}],"about":[{"href":"https:\/\/hardwarexchange.shop\/it\/wp-json\/wp\/v2\/types\/product"}],"wp:featuredmedia":[{"embeddable":true,"href":"https:\/\/hardwarexchange.shop\/it\/wp-json\/wp\/v2\/media\/95128"}],"wp:attachment":[{"href":"https:\/\/hardwarexchange.shop\/it\/wp-json\/wp\/v2\/media?parent=65917"}],"wp:term":[{"taxonomy":"product_brand","embeddable":true,"href":"https:\/\/hardwarexchange.shop\/it\/wp-json\/wp\/v2\/product_brand?post=65917"},{"taxonomy":"product_cat","embeddable":true,"href":"https:\/\/hardwarexchange.shop\/it\/wp-json\/wp\/v2\/product_cat?post=65917"},{"taxonomy":"product_tag","embeddable":true,"href":"https:\/\/hardwarexchange.shop\/it\/wp-json\/wp\/v2\/product_tag?post=65917"}],"curies":[{"name":"wp","href":"https:\/\/api.w.org\/{rel}","templated":true}]}}