{"id":65923,"date":"2025-12-02T14:18:41","date_gmt":"2025-12-02T13:18:41","guid":{"rendered":"https:\/\/hardwarexchange.shop\/produit\/coeur-blanc-en-grillage-peint-et-osier-50x50-lot-de-2\/"},"modified":"2025-12-02T14:18:42","modified_gmt":"2025-12-02T13:18:42","slug":"coeur-en-osier-et-grillage-50x50-x-h2cm-a-suspendre-blanc","status":"publish","type":"product","link":"https:\/\/hardwarexchange.shop\/it\/produit\/coeur-en-osier-et-grillage-50x50-x-h2cm-a-suspendre-blanc\/","title":{"rendered":"Coeur en osier et grillage 50&#215;50 x h2cm, a suspendre BLANC"},"content":{"rendered":"nnn<p>Coeur blanc en grillage peint et osier, 50\u00d750 x hauteur 2cm<br>Le produit est fabriqu\u00e9 ou fini \u00e0 la main sur commande et a donc un aspect artisanal et irr\u00e9gulier, qui fait son charme,<br>Produit en Asie, fini en Espagne,<br>S\u00e9lectionn\u00e9 pour son charme traditionnel par HardwarExchange,<\/p>n","protected":false},"excerpt":{"rendered":"<p>nnn Coeur blanc en grillage peint et osier, 50\u00d750 x hauteur 2cmLe produit est fabriqu\u00e9 ou fini \u00e0 la main sur commande et a donc un aspect artisanal et irr\u00e9gulier, qui fait son charme,Produit en Asie, fini en Espagne,S\u00e9lectionn\u00e9 pour son charme traditionnel par HardwarExchange, n<\/p>\n","protected":false},"featured_media":68972,"template":"","meta":{"_acf_changed":false},"product_brand":[],"product_cat":[2113],"product_tag":[],"class_list":{"0":"post-65923","1":"product","2":"type-product","3":"status-publish","4":"has-post-thumbnail","6":"product_cat-decoration","7":"product_shipping_class-artesania-parras","9":"first","10":"instock","11":"purchasable","12":"product-type-simple"},"acf":[],"_links":{"self":[{"href":"https:\/\/hardwarexchange.shop\/it\/wp-json\/wp\/v2\/product\/65923","targetHints":{"allow":["GET"]}}],"collection":[{"href":"https:\/\/hardwarexchange.shop\/it\/wp-json\/wp\/v2\/product"}],"about":[{"href":"https:\/\/hardwarexchange.shop\/it\/wp-json\/wp\/v2\/types\/product"}],"wp:featuredmedia":[{"embeddable":true,"href":"https:\/\/hardwarexchange.shop\/it\/wp-json\/wp\/v2\/media\/68972"}],"wp:attachment":[{"href":"https:\/\/hardwarexchange.shop\/it\/wp-json\/wp\/v2\/media?parent=65923"}],"wp:term":[{"taxonomy":"product_brand","embeddable":true,"href":"https:\/\/hardwarexchange.shop\/it\/wp-json\/wp\/v2\/product_brand?post=65923"},{"taxonomy":"product_cat","embeddable":true,"href":"https:\/\/hardwarexchange.shop\/it\/wp-json\/wp\/v2\/product_cat?post=65923"},{"taxonomy":"product_tag","embeddable":true,"href":"https:\/\/hardwarexchange.shop\/it\/wp-json\/wp\/v2\/product_tag?post=65923"}],"curies":[{"name":"wp","href":"https:\/\/api.w.org\/{rel}","templated":true}]}}