{"id":66026,"date":"2026-05-13T11:13:37","date_gmt":"2026-05-13T10:13:37","guid":{"rendered":"https:\/\/hardwarexchange.shop\/produit\/support-jardiniere-avec-2-pots-en-zinc-lot-de-2\/"},"modified":"2026-05-13T14:01:54","modified_gmt":"2026-05-13T13:01:54","slug":"support-jardiniere-avec-2-pots-en-zinc-blanc-bois","status":"publish","type":"product","link":"https:\/\/hardwarexchange.shop\/it\/produit\/support-jardiniere-avec-2-pots-en-zinc-blanc-bois\/","title":{"rendered":"Support jardini\u00e8re avec 2 pots en zinc &#8211; Blanc, Bois"},"content":{"rendered":"\n<p>Support jardini\u00e8re 8&#215;10 x H10,5cm avec 2 pots en zinc 7,5 diam. x h7cm,  Mati\u00e8re Bois, fil et zinc<br>Le produit est fabriqu\u00e9 ou fini \u00e0 la main sur commande et a donc un aspect artisanal et irr\u00e9gulier, qui fait son charme.<br>Produit en Asie, fini en Espagne. <br>S\u00e9lectionn\u00e9 pour son charme traditionnel par HardwarExchange.<\/p>\n","protected":false},"excerpt":{"rendered":"<p>Support jardini\u00e8re 8&#215;10 x H10,5cm avec 2 pots en zinc 7,5 diam. x h7cm, Mati\u00e8re Bois, fil et zincLe produit est fabriqu\u00e9 ou fini \u00e0 la main sur commande et a donc un aspect artisanal et irr\u00e9gulier, qui fait son charme.Produit en Asie, fini en Espagne. S\u00e9lectionn\u00e9 pour son charme traditionnel par HardwarExchange.<\/p>\n","protected":false},"featured_media":66027,"template":"","meta":{"_acf_changed":false},"product_brand":[],"product_cat":[2272,2257,2309,2343],"product_tag":[],"class_list":{"0":"post-66026","1":"product","2":"type-product","3":"status-publish","4":"has-post-thumbnail","6":"product_cat-contenants-et-decoration","7":"product_cat-jardin-terrasse","8":"product_cat-jardiniere-pot-de-fleur","9":"product_cat-support-de-pot-et-suspension","10":"product_shipping_class-xsxxs","11":"pa_couleur-blanc","12":"pa_materiau-bois","14":"first","15":"instock","16":"purchasable","17":"product-type-simple"},"acf":[],"_links":{"self":[{"href":"https:\/\/hardwarexchange.shop\/it\/wp-json\/wp\/v2\/product\/66026","targetHints":{"allow":["GET"]}}],"collection":[{"href":"https:\/\/hardwarexchange.shop\/it\/wp-json\/wp\/v2\/product"}],"about":[{"href":"https:\/\/hardwarexchange.shop\/it\/wp-json\/wp\/v2\/types\/product"}],"wp:featuredmedia":[{"embeddable":true,"href":"https:\/\/hardwarexchange.shop\/it\/wp-json\/wp\/v2\/media\/66027"}],"wp:attachment":[{"href":"https:\/\/hardwarexchange.shop\/it\/wp-json\/wp\/v2\/media?parent=66026"}],"wp:term":[{"taxonomy":"product_brand","embeddable":true,"href":"https:\/\/hardwarexchange.shop\/it\/wp-json\/wp\/v2\/product_brand?post=66026"},{"taxonomy":"product_cat","embeddable":true,"href":"https:\/\/hardwarexchange.shop\/it\/wp-json\/wp\/v2\/product_cat?post=66026"},{"taxonomy":"product_tag","embeddable":true,"href":"https:\/\/hardwarexchange.shop\/it\/wp-json\/wp\/v2\/product_tag?post=66026"}],"curies":[{"name":"wp","href":"https:\/\/api.w.org\/{rel}","templated":true}]}}