{"id":66030,"date":"2026-05-13T07:23:56","date_gmt":"2026-05-13T06:23:56","guid":{"rendered":"https:\/\/hardwarexchange.shop\/produit\/porte-bougie-en-fer-27x14-x-h9cm-13-cm-avec-2-verres-en-verre-d98-x-h12cm-lot-de-2\/"},"modified":"2026-05-13T07:24:15","modified_gmt":"2026-05-13T06:24:15","slug":"porte-bougie-en-fer-27x14-x-h9cm-13-cm-avec-2-verres-en-verre-d98-x-h12cm-incolore-transparent-metal","status":"publish","type":"product","link":"https:\/\/hardwarexchange.shop\/it\/produit\/porte-bougie-en-fer-27x14-x-h9cm-13-cm-avec-2-verres-en-verre-d98-x-h12cm-incolore-transparent-metal\/","title":{"rendered":"Porte bougie en fer, 27&#215;14 x h9cm. \/13 cm, avec 2 verres en verre d9,8 x h12cm &#8211; Incolore \/ transparent, M\u00e9tal"},"content":{"rendered":"\n<p>Porte bougie en fer, 27\u00d714 x h9cm. \/13 cm, avec 2 verres en verre d9,8 x h12cm,  Mati\u00e8re Fibre bois, grille m\u00e9tallique et verre <br>Le produit est fabriqu\u00e9 ou fini \u00e0 la main sur commande et a donc un aspect artisanal et irr\u00e9gulier, qui fait son charme.<br>Produit en Asie, fini en Espagne. <br>S\u00e9lectionn\u00e9 pour son charme traditionnel par HardwarExchange.<\/p>\n","protected":false},"excerpt":{"rendered":"<p>Porte bougie en fer, 27\u00d714 x h9cm. \/13 cm, avec 2 verres en verre d9,8 x h12cm, Mati\u00e8re Fibre bois, grille m\u00e9tallique et verre Le produit est fabriqu\u00e9 ou fini \u00e0 la main sur commande et a donc un aspect artisanal et irr\u00e9gulier, qui fait son charme.Produit en Asie, fini en Espagne. S\u00e9lectionn\u00e9 pour son [&hellip;]<\/p>\n","protected":false},"featured_media":95347,"template":"","meta":{"_acf_changed":false},"product_brand":[],"product_cat":[15],"product_tag":[],"class_list":{"0":"post-66030","1":"product","2":"type-product","3":"status-publish","4":"has-post-thumbnail","6":"product_cat-sans-categorie","7":"product_shipping_class-xsxxs","8":"pa_couleur-incolore-transparent","9":"pa_materiau-metal","11":"first","12":"instock","13":"purchasable","14":"product-type-simple"},"acf":[],"_links":{"self":[{"href":"https:\/\/hardwarexchange.shop\/it\/wp-json\/wp\/v2\/product\/66030","targetHints":{"allow":["GET"]}}],"collection":[{"href":"https:\/\/hardwarexchange.shop\/it\/wp-json\/wp\/v2\/product"}],"about":[{"href":"https:\/\/hardwarexchange.shop\/it\/wp-json\/wp\/v2\/types\/product"}],"wp:featuredmedia":[{"embeddable":true,"href":"https:\/\/hardwarexchange.shop\/it\/wp-json\/wp\/v2\/media\/95347"}],"wp:attachment":[{"href":"https:\/\/hardwarexchange.shop\/it\/wp-json\/wp\/v2\/media?parent=66030"}],"wp:term":[{"taxonomy":"product_brand","embeddable":true,"href":"https:\/\/hardwarexchange.shop\/it\/wp-json\/wp\/v2\/product_brand?post=66030"},{"taxonomy":"product_cat","embeddable":true,"href":"https:\/\/hardwarexchange.shop\/it\/wp-json\/wp\/v2\/product_cat?post=66030"},{"taxonomy":"product_tag","embeddable":true,"href":"https:\/\/hardwarexchange.shop\/it\/wp-json\/wp\/v2\/product_tag?post=66030"}],"curies":[{"name":"wp","href":"https:\/\/api.w.org\/{rel}","templated":true}]}}