{"id":66343,"date":"2026-05-13T11:19:03","date_gmt":"2026-05-13T10:19:03","guid":{"rendered":"https:\/\/hardwarexchange.shop\/produit\/poignees-de-porte-interieure-couple-en-zamac-finition-canon-de-fusil-mat-2\/"},"modified":"2026-05-13T14:02:30","modified_gmt":"2026-05-13T13:02:30","slug":"poignee-de-porte-interieure-couple-en-zamac-finition-noir-zamak","status":"publish","type":"product","link":"https:\/\/hardwarexchange.shop\/it\/produit\/poignee-de-porte-interieure-couple-en-zamac-finition-noir-zamak\/","title":{"rendered":"Poign\u00e9e de porte int\u00e9rieure (couple) en zamac finition &#8211; Noir, Zamak"},"content":{"rendered":"\n<p>Poign\u00e9e de porte int\u00e9rieure (couple) en zamac sur rosace a clipser affleurante carr\u00e9e 50X50X6 mm, plus design, avec ressort de rappel, avec rosace fonction clef L  \u00e9paisseur 6 mm, base de fixation en plastique, finition Canon de fusil mat. Produit de qualit\u00e9, fabriqu\u00e9 en Italie.<\/p>\n","protected":false},"excerpt":{"rendered":"<p>Poign\u00e9e de porte int\u00e9rieure (couple) en zamac sur rosace a clipser affleurante carr\u00e9e 50X50X6 mm, plus design, avec ressort de rappel, avec rosace fonction clef L \u00e9paisseur 6 mm, base de fixation en plastique, finition Canon de fusil mat. Produit de qualit\u00e9, fabriqu\u00e9 en Italie.<\/p>\n","protected":false},"featured_media":61201,"template":"","meta":{"_acf_changed":false},"product_brand":[],"product_cat":[2323,2357,2281,378],"product_tag":[],"class_list":{"0":"post-66343","1":"product","2":"type-product","3":"status-publish","4":"has-post-thumbnail","6":"product_cat-poignee-de-porte","7":"product_cat-poignee-de-porte-sur-rosace","8":"product_cat-pour-la-porte","9":"product_cat-quincaillerie","10":"product_shipping_class-xsxxs","11":"pa_couleur-noir","12":"pa_materiau-zamak","14":"first","15":"instock","16":"purchasable","17":"product-type-simple"},"acf":[],"_links":{"self":[{"href":"https:\/\/hardwarexchange.shop\/it\/wp-json\/wp\/v2\/product\/66343","targetHints":{"allow":["GET"]}}],"collection":[{"href":"https:\/\/hardwarexchange.shop\/it\/wp-json\/wp\/v2\/product"}],"about":[{"href":"https:\/\/hardwarexchange.shop\/it\/wp-json\/wp\/v2\/types\/product"}],"wp:featuredmedia":[{"embeddable":true,"href":"https:\/\/hardwarexchange.shop\/it\/wp-json\/wp\/v2\/media\/61201"}],"wp:attachment":[{"href":"https:\/\/hardwarexchange.shop\/it\/wp-json\/wp\/v2\/media?parent=66343"}],"wp:term":[{"taxonomy":"product_brand","embeddable":true,"href":"https:\/\/hardwarexchange.shop\/it\/wp-json\/wp\/v2\/product_brand?post=66343"},{"taxonomy":"product_cat","embeddable":true,"href":"https:\/\/hardwarexchange.shop\/it\/wp-json\/wp\/v2\/product_cat?post=66343"},{"taxonomy":"product_tag","embeddable":true,"href":"https:\/\/hardwarexchange.shop\/it\/wp-json\/wp\/v2\/product_tag?post=66343"}],"curies":[{"name":"wp","href":"https:\/\/api.w.org\/{rel}","templated":true}]}}