{"id":66362,"date":"2026-05-13T09:38:09","date_gmt":"2026-05-13T08:38:09","guid":{"rendered":"https:\/\/hardwarexchange.shop\/produit\/poignee-de-tirage-inclinee-60-rectangle-40x10-mm-entraxe350-s55-a62-l500-mm-inox-304-satine-2\/"},"modified":"2026-05-13T13:40:52","modified_gmt":"2026-05-13T12:40:52","slug":"poignee-de-tirage-inclinee-60-rectangle-40x10-mm-entraxe350-s55-a62-l500-mm-inox-304-brosse-grain-240-gris-argent-acier-inoxydable","status":"publish","type":"product","link":"https:\/\/hardwarexchange.shop\/it\/produit\/poignee-de-tirage-inclinee-60-rectangle-40x10-mm-entraxe350-s55-a62-l500-mm-inox-304-brosse-grain-240-gris-argent-acier-inoxydable\/","title":{"rendered":"Poign\u00e9e de tirage &#8211; inclin\u00e9e 60\u00b0 &#8211; Rectangle 40&#215;10 mm &#8211; Entraxe=350 &#8211; S=55 -A=62 &#8211; L=500 mm &#8211; INOX 304 Bross\u00e9 grain 240 &#8211; Gris \/ argent, Acier inoxydable"},"content":{"rendered":"\n<p>Poign\u00e9e de tirage Professionnelle &#8211; inclin\u00e9e 60\u00b0 &#8211; Rectangle 40&#215;10 mm &#8211; Entraxe 350 mm &#8211; Longueur 500 mm -Hauteur 55 mm &#8211; en INOX 304 ( A2) Finition Bross\u00e9e grain 240. <br>Livr\u00e9e avec 2 fixations simples, traversants la porte et tr\u00e8s facile \u00e0 installer, compos\u00e9es de 2 tiges filet\u00e9es en fer zingu\u00e9e de longueur 52 mm x diam\u00e8tre 8 mm, qui se visse sur une olive en Laiton, bloqu\u00e9e par une vis pointeau lat\u00e9rale dans le tube, M6 mm en inox, s&#8217;accouplant dans une bague en Inox, sertis dans le tube de la poign\u00e9e, et 2 \u00e9crous et 2 rondelles.<br>Produit en Italie. <br>S\u00e9lectionn\u00e9 pour son excellence par HardwarExchange<br><\/p>\n","protected":false},"excerpt":{"rendered":"<p>Poign\u00e9e de tirage Professionnelle &#8211; inclin\u00e9e 60\u00b0 &#8211; Rectangle 40&#215;10 mm &#8211; Entraxe 350 mm &#8211; Longueur 500 mm -Hauteur 55 mm &#8211; en INOX 304 ( A2) Finition Bross\u00e9e grain 240. Livr\u00e9e avec 2 fixations simples, traversants la porte et tr\u00e8s facile \u00e0 installer, compos\u00e9es de 2 tiges filet\u00e9es en fer zingu\u00e9e de longueur [&hellip;]<\/p>\n","protected":false},"featured_media":51867,"template":"","meta":{"_acf_changed":false},"product_brand":[],"product_cat":[2321,2281,378,2355],"product_tag":[],"class_list":{"0":"post-66362","1":"product","2":"type-product","3":"status-publish","4":"has-post-thumbnail","6":"product_cat-baton-de-tirage-heurtoir","7":"product_cat-pour-la-porte","8":"product_cat-quincaillerie","9":"product_cat-tirant-de-porte","10":"product_shipping_class-xsxxs","11":"pa_couleur-gris-argent","12":"pa_materiau-acier-inoxydable","14":"first","15":"instock","16":"purchasable","17":"product-type-simple"},"acf":[],"_links":{"self":[{"href":"https:\/\/hardwarexchange.shop\/it\/wp-json\/wp\/v2\/product\/66362","targetHints":{"allow":["GET"]}}],"collection":[{"href":"https:\/\/hardwarexchange.shop\/it\/wp-json\/wp\/v2\/product"}],"about":[{"href":"https:\/\/hardwarexchange.shop\/it\/wp-json\/wp\/v2\/types\/product"}],"wp:featuredmedia":[{"embeddable":true,"href":"https:\/\/hardwarexchange.shop\/it\/wp-json\/wp\/v2\/media\/51867"}],"wp:attachment":[{"href":"https:\/\/hardwarexchange.shop\/it\/wp-json\/wp\/v2\/media?parent=66362"}],"wp:term":[{"taxonomy":"product_brand","embeddable":true,"href":"https:\/\/hardwarexchange.shop\/it\/wp-json\/wp\/v2\/product_brand?post=66362"},{"taxonomy":"product_cat","embeddable":true,"href":"https:\/\/hardwarexchange.shop\/it\/wp-json\/wp\/v2\/product_cat?post=66362"},{"taxonomy":"product_tag","embeddable":true,"href":"https:\/\/hardwarexchange.shop\/it\/wp-json\/wp\/v2\/product_tag?post=66362"}],"curies":[{"name":"wp","href":"https:\/\/api.w.org\/{rel}","templated":true}]}}