{"id":68859,"date":"2025-12-02T14:19:49","date_gmt":"2025-12-02T13:19:49","guid":{"rendered":"https:\/\/hardwarexchange.shop\/?post_type=product&#038;p=68859"},"modified":"2025-12-02T14:19:53","modified_gmt":"2025-12-02T13:19:53","slug":"etoile-a-suspendre-36-cm-en-fibre-vegetale-lot-de-2-pieces","status":"publish","type":"product","link":"https:\/\/hardwarexchange.shop\/it\/produit\/etoile-a-suspendre-36-cm-en-fibre-vegetale-lot-de-2-pieces\/","title":{"rendered":"Etoile a suspendre 36 cm en fibre v\u00e9g\u00e9tale lot de 2 pi\u00e8ces"},"content":{"rendered":"n<p>Etoile a suspendre 36 cm en fibre v\u00e9g\u00e9tale lot de 2 pi\u00e8ces<\/p>n","protected":false},"excerpt":{"rendered":"<p>n Etoile a suspendre 36 cm en fibre v\u00e9g\u00e9tale lot de 2 pi\u00e8ces n<\/p>\n","protected":false},"featured_media":68860,"template":"","meta":{"_acf_changed":false},"product_brand":[],"product_cat":[2113],"product_tag":[],"class_list":{"0":"post-68859","1":"product","2":"type-product","3":"status-publish","4":"has-post-thumbnail","6":"product_cat-decoration","7":"product_shipping_class-artesania-parras","9":"first","10":"instock","11":"purchasable","12":"product-type-simple"},"acf":[],"_links":{"self":[{"href":"https:\/\/hardwarexchange.shop\/it\/wp-json\/wp\/v2\/product\/68859","targetHints":{"allow":["GET"]}}],"collection":[{"href":"https:\/\/hardwarexchange.shop\/it\/wp-json\/wp\/v2\/product"}],"about":[{"href":"https:\/\/hardwarexchange.shop\/it\/wp-json\/wp\/v2\/types\/product"}],"wp:featuredmedia":[{"embeddable":true,"href":"https:\/\/hardwarexchange.shop\/it\/wp-json\/wp\/v2\/media\/68860"}],"wp:attachment":[{"href":"https:\/\/hardwarexchange.shop\/it\/wp-json\/wp\/v2\/media?parent=68859"}],"wp:term":[{"taxonomy":"product_brand","embeddable":true,"href":"https:\/\/hardwarexchange.shop\/it\/wp-json\/wp\/v2\/product_brand?post=68859"},{"taxonomy":"product_cat","embeddable":true,"href":"https:\/\/hardwarexchange.shop\/it\/wp-json\/wp\/v2\/product_cat?post=68859"},{"taxonomy":"product_tag","embeddable":true,"href":"https:\/\/hardwarexchange.shop\/it\/wp-json\/wp\/v2\/product_tag?post=68859"}],"curies":[{"name":"wp","href":"https:\/\/api.w.org\/{rel}","templated":true}]}}