{"id":83994,"date":"2026-05-13T09:18:47","date_gmt":"2026-05-13T08:18:47","guid":{"rendered":"https:\/\/hardwarexchange.shop\/?post_type=product&#038;p=83994"},"modified":"2026-05-13T13:38:43","modified_gmt":"2026-05-13T12:38:43","slug":"bras-a-ressort-ferme-porte-a-corps-tres-fin-en-aluminium-anodise-or-jaune-dore","status":"publish","type":"product","link":"https:\/\/hardwarexchange.shop\/it\/produit\/bras-a-ressort-ferme-porte-a-corps-tres-fin-en-aluminium-anodise-or-jaune-dore\/","title":{"rendered":"Bras \u00e0 ressort ferme porte, a corps tr\u00e8s fin en Aluminium anodis\u00e9 or &#8211; Jaune \/ dor\u00e9"},"content":{"rendered":"\n<p>Bras \u00e0 ressort ferme porte, a corps tr\u00e8s fin en Aluminium avec un large choix de finition. Produit tr\u00e8s facile \u00e0 installer. <br \/><br>Hauteur 183 mm x Largeur totale 32 mm. Longueur du bras 181 mm.<br>Possibilit\u00e9 d&#8217;activer ou d\u00e9sactiver facilement la fonction de fermeture automatique de la porte. <br \/><br>Force de rappel ajustable au poids et dimensions de la porte, par r\u00e9glage de la tension du bouchon en zamac. <br \/><br>Mat\u00e9riaux ext\u00e9rieurs : Aile : aluminium anodis\u00e9. Bouchon de r\u00e9glage : zamac. Bras et bride : acier. Ressort int\u00e9rieur : paquet de lamelles acier au carbone avec graisse de protection, dans un tube en acier inox 304. <br \/><br>Charge maximale admise, porte de largeur 85 cm poids 40 KG. <br \/><br>Ouverture maximale de fonctionnement : 180 \u00ba. <br \/><br>Utilisable en int\u00e9rieur ou ext\u00e9rieur. <br \/><br>Produit garanti 250 000 cycles. Fabriqu\u00e9 en Espagne. <br \/><br>Clef pour le r\u00e9glage et vis fournis. <br \/><\/p>\n","protected":false},"excerpt":{"rendered":"<p>Bras \u00e0 ressort ferme porte, a corps tr\u00e8s fin en Aluminium avec un large choix de finition. Produit tr\u00e8s facile \u00e0 installer. Hauteur 183 mm x Largeur totale 32 mm. Longueur du bras 181 mm.Possibilit\u00e9 d&#8217;activer ou d\u00e9sactiver facilement la fonction de fermeture automatique de la porte. Force de rappel ajustable au poids et dimensions [&hellip;]<\/p>\n","protected":false},"featured_media":100947,"template":"","meta":{"_acf_changed":false},"product_brand":[],"product_cat":[2356,2322,2281,378],"product_tag":[],"class_list":{"0":"post-83994","1":"product","2":"type-product","3":"status-publish","4":"has-post-thumbnail","6":"product_cat-charniere-ferme-porte","7":"product_cat-ferme-porte","8":"product_cat-pour-la-porte","9":"product_cat-quincaillerie","10":"product_shipping_class-xsxxs","11":"pa_couleur-jaune-dore","12":"pa_materiau-aluminium","14":"first","15":"instock","16":"purchasable","17":"product-type-simple"},"acf":[],"_links":{"self":[{"href":"https:\/\/hardwarexchange.shop\/it\/wp-json\/wp\/v2\/product\/83994","targetHints":{"allow":["GET"]}}],"collection":[{"href":"https:\/\/hardwarexchange.shop\/it\/wp-json\/wp\/v2\/product"}],"about":[{"href":"https:\/\/hardwarexchange.shop\/it\/wp-json\/wp\/v2\/types\/product"}],"wp:featuredmedia":[{"embeddable":true,"href":"https:\/\/hardwarexchange.shop\/it\/wp-json\/wp\/v2\/media\/100947"}],"wp:attachment":[{"href":"https:\/\/hardwarexchange.shop\/it\/wp-json\/wp\/v2\/media?parent=83994"}],"wp:term":[{"taxonomy":"product_brand","embeddable":true,"href":"https:\/\/hardwarexchange.shop\/it\/wp-json\/wp\/v2\/product_brand?post=83994"},{"taxonomy":"product_cat","embeddable":true,"href":"https:\/\/hardwarexchange.shop\/it\/wp-json\/wp\/v2\/product_cat?post=83994"},{"taxonomy":"product_tag","embeddable":true,"href":"https:\/\/hardwarexchange.shop\/it\/wp-json\/wp\/v2\/product_tag?post=83994"}],"curies":[{"name":"wp","href":"https:\/\/api.w.org\/{rel}","templated":true}]}}