{"id":86079,"date":"2026-05-13T09:41:58","date_gmt":"2026-05-13T08:41:58","guid":{"rendered":"https:\/\/hardwarexchange.shop\/?post_type=product&#038;p=86079"},"modified":"2026-05-13T13:41:29","modified_gmt":"2026-05-13T12:41:29","slug":"bouton-de-meuble-en-resine-polidur-haute-resistance-d-32-mm-blanc-resine-thermoplastique","status":"publish","type":"product","link":"https:\/\/hardwarexchange.shop\/it\/produit\/bouton-de-meuble-en-resine-polidur-haute-resistance-d-32-mm-blanc-resine-thermoplastique\/","title":{"rendered":"Bouton de meuble en r\u00e9sine polidur Haute resistance D 32 mm Blanc &#8211; R\u00e9sine thermoplastique"},"content":{"rendered":"\n<p>Bouton de meuble en r\u00e9sine polidur Haute resistance Diam\u00e8tre 32 mm Finition  Blanc.<br> Ce bouton au design simple, aux d\u00e9tails subtils, est con\u00e7ue pour donner une finition d\u00e9corative unique et personnalis\u00e9e, tr\u00e8s valorisante, aux tiroirs, aux portes d&#8217;armoires ou de placards de votre maison ou de collectivit\u00e9s <br> Les bords doucement arrondis, la recherche du d\u00e9tail cr\u00e9atif, la douceur de la pr\u00e9hension, font toute notre diff\u00e9rence<br>  Un coordonn\u00e9 poign\u00e9e et bouton est disponible, tout comme un large choix de finition, qui sublimera le charme de votre espace <br> L\u2019excellente qualit\u00e9 de la r\u00e9sine exclusive Polidur, l\u2019extr\u00eame r\u00e9sistance de sa finition, son insert en laiton de fixation inarrachable, ainsi que sa garantie de 5 ans, EXCLUSIVITE HARDWAREXCHANGE, en font un produit inalt\u00e9rable, extr\u00eamement r\u00e9sistant, qui le rend id\u00e9al pour les milieu tr\u00e8s agressif, les bateaux, les cuisines industrielles et les salles de bain collectives <br> Tr\u00e8s facile \u00e0 nettoyer et \u00e0 entretenir, en frottant d\u00e9licatement avec un chiffon humide et du savon doux, et un rin\u00e7age \u00e0 l&#8217;eau claire <br> La vis zingu\u00e9e de fixations auto-s\u00e9cables de 45 mm est fournie br>Les emballages sont certifi\u00e9s Agec, et la production en Espagne est \u00e9co-lab\u00e9lis\u00e9e par Hardwarexchange et l\u2019 Ad\u00e8me en France.<\/p>\n","protected":false},"excerpt":{"rendered":"<p>Bouton de meuble en r\u00e9sine polidur Haute resistance Diam\u00e8tre 32 mm Finition Blanc. Ce bouton au design simple, aux d\u00e9tails subtils, est con\u00e7ue pour donner une finition d\u00e9corative unique et personnalis\u00e9e, tr\u00e8s valorisante, aux tiroirs, aux portes d&#8217;armoires ou de placards de votre maison ou de collectivit\u00e9s Les bords doucement arrondis, la recherche du d\u00e9tail [&hellip;]<\/p>\n","protected":false},"featured_media":102670,"template":"","meta":{"_acf_changed":false},"product_brand":[],"product_cat":[2359,2325,2283,378],"product_tag":[],"class_list":{"0":"post-86079","1":"product","2":"type-product","3":"status-publish","4":"has-post-thumbnail","6":"product_cat-bouton","7":"product_cat-bouton-et-poignee-de-meuble","8":"product_cat-pour-le-meuble","9":"product_cat-quincaillerie","10":"product_shipping_class-xsxxs","11":"pa_couleur-blanc","12":"pa_materiau-resine-thermoplastique","14":"first","15":"instock","16":"purchasable","17":"product-type-simple"},"acf":[],"_links":{"self":[{"href":"https:\/\/hardwarexchange.shop\/it\/wp-json\/wp\/v2\/product\/86079","targetHints":{"allow":["GET"]}}],"collection":[{"href":"https:\/\/hardwarexchange.shop\/it\/wp-json\/wp\/v2\/product"}],"about":[{"href":"https:\/\/hardwarexchange.shop\/it\/wp-json\/wp\/v2\/types\/product"}],"wp:featuredmedia":[{"embeddable":true,"href":"https:\/\/hardwarexchange.shop\/it\/wp-json\/wp\/v2\/media\/102670"}],"wp:attachment":[{"href":"https:\/\/hardwarexchange.shop\/it\/wp-json\/wp\/v2\/media?parent=86079"}],"wp:term":[{"taxonomy":"product_brand","embeddable":true,"href":"https:\/\/hardwarexchange.shop\/it\/wp-json\/wp\/v2\/product_brand?post=86079"},{"taxonomy":"product_cat","embeddable":true,"href":"https:\/\/hardwarexchange.shop\/it\/wp-json\/wp\/v2\/product_cat?post=86079"},{"taxonomy":"product_tag","embeddable":true,"href":"https:\/\/hardwarexchange.shop\/it\/wp-json\/wp\/v2\/product_tag?post=86079"}],"curies":[{"name":"wp","href":"https:\/\/api.w.org\/{rel}","templated":true}]}}