{"id":87162,"date":"2026-01-14T12:42:51","date_gmt":"2026-01-14T11:42:51","guid":{"rendered":"https:\/\/hardwarexchange.shop\/produit\/poignee-pour-meubles-en-zamac-entraxe-96-plaque-or-lot-de-25-13\/"},"modified":"2026-01-14T12:42:53","modified_gmt":"2026-01-14T11:42:53","slug":"poignee-pour-meubles-en-zamac-entraxe-64-chrome-poli-lot-de-25-6","status":"publish","type":"product","link":"https:\/\/hardwarexchange.shop\/it\/produit\/poignee-pour-meubles-en-zamac-entraxe-64-chrome-poli-lot-de-25-6\/","title":{"rendered":"Poign\u00e9e pour meubles en zamac  Entraxe 64  chrome poli Lot de 25"},"content":{"rendered":"<p>Poign\u00e9e pour meubles en zamac  Entraxe 64 mm, finition   chrome poli<br \/> Cette poign\u00e9e au design raffin\u00e9e, est con\u00e7ue pour donner une finition d\u00e9corative unique et personnalis\u00e9e, aux tiroirs, aux portes d&#8217;armoires ou de placards de votre maison <br \/> Un coordonn\u00e9 poign\u00e9e et bouton est propos\u00e9, tout comme un large choix de finition, sublimera le charme de votre espace <br \/> La haute qualit\u00e9 du zamac premi\u00e8re fusion, et la grande r\u00e9sistance de sa finition, ainsi que sa garantie de 5 ans, EXCLUSIVITE HARDWAREXCHANGE, la rend id\u00e9ale pour la cuisine et la salle de bain <br \/> Tr\u00e8s facile \u00e0 nettoyer et \u00e0 entretenir, en frottant d\u00e9licatement avec un chiffon humide et du savon doux, et un rin\u00e7age \u00e0 l&#8217;eau claire <br \/> Les vis de fixations de 25 mm sont fournies <br \/>Les emballages sont certifi\u00e9s FSC, et la production en Italie est \u00e9co-lab\u00e9lis\u00e9e par Hardwarexchange et l\u2019 Ad\u00e8me en France, Lot de 25<\/p>\n","protected":false},"excerpt":{"rendered":"<p>Poign\u00e9e pour meubles en zamac  Entraxe 64  chrome poli Lot de 25<\/p>\n","protected":false},"featured_media":5271,"template":"","meta":{"_acf_changed":false},"product_brand":[],"product_cat":[502],"product_tag":[],"class_list":{"0":"post-87162","1":"product","2":"type-product","3":"status-publish","4":"has-post-thumbnail","6":"product_cat-poignee-de-meuble-quincaillerie","7":"product_shipping_class-sin-coste","9":"first","10":"instock","11":"purchasable","12":"product-type-simple"},"acf":[],"_links":{"self":[{"href":"https:\/\/hardwarexchange.shop\/it\/wp-json\/wp\/v2\/product\/87162","targetHints":{"allow":["GET"]}}],"collection":[{"href":"https:\/\/hardwarexchange.shop\/it\/wp-json\/wp\/v2\/product"}],"about":[{"href":"https:\/\/hardwarexchange.shop\/it\/wp-json\/wp\/v2\/types\/product"}],"wp:featuredmedia":[{"embeddable":true,"href":"https:\/\/hardwarexchange.shop\/it\/wp-json\/wp\/v2\/media\/5271"}],"wp:attachment":[{"href":"https:\/\/hardwarexchange.shop\/it\/wp-json\/wp\/v2\/media?parent=87162"}],"wp:term":[{"taxonomy":"product_brand","embeddable":true,"href":"https:\/\/hardwarexchange.shop\/it\/wp-json\/wp\/v2\/product_brand?post=87162"},{"taxonomy":"product_cat","embeddable":true,"href":"https:\/\/hardwarexchange.shop\/it\/wp-json\/wp\/v2\/product_cat?post=87162"},{"taxonomy":"product_tag","embeddable":true,"href":"https:\/\/hardwarexchange.shop\/it\/wp-json\/wp\/v2\/product_tag?post=87162"}],"curies":[{"name":"wp","href":"https:\/\/api.w.org\/{rel}","templated":true}]}}