{"id":94709,"date":"2026-04-21T10:58:51","date_gmt":"2026-04-21T09:58:51","guid":{"rendered":"https:\/\/hardwarexchange.shop\/produit\/amphore-en-terre-cuite-artisanale-h-20-cm-blanche\/"},"modified":"2026-04-21T15:43:23","modified_gmt":"2026-04-21T14:43:23","slug":"amphore-en-terre-cuite-artisanale-h-20-cm-blanche","status":"publish","type":"product","link":"https:\/\/hardwarexchange.shop\/it\/produit\/amphore-en-terre-cuite-artisanale-h-20-cm-blanche\/","title":{"rendered":"Amphore en terre cuite artisanale H. 20 cm, blanche"},"content":{"rendered":"<p>Amphore en terre cuite artisanale Hauteur 20 cm, couleur blanche, Mati\u00e8re Terre cuite <br \/>Le produit est fabriqu\u00e9 ou fini \u00e0 la main sur commande et a donc un aspect artisanal et irr\u00e9gulier, ce qui fait son charme.<br \/>Produit en Asie, fini en Espagne. <br \/>S\u00e9lectionn\u00e9 pour son charme traditionnel par HardwareExchange.<\/p>\n","protected":false},"excerpt":{"rendered":"<p>Amphore en terre cuite artisanale Hauteur 20 cm, couleur blanche, Mati\u00e8re Terre cuite Le produit est fabriqu\u00e9 ou fini \u00e0 la main sur commande et a donc un aspect artisanal et irr\u00e9gulier, ce qui fait son charme.Produit en Asie, fini en Espagne. S\u00e9lectionn\u00e9 pour son charme traditionnel par HardwareExchange.<\/p>\n","protected":false},"featured_media":0,"template":"","meta":{"_acf_changed":false},"product_brand":[],"product_cat":[502,2137],"product_tag":[],"class_list":{"0":"post-94709","1":"product","2":"type-product","3":"status-publish","5":"product_cat-poignee-de-meuble-quincaillerie","6":"product_cat-sans-entraxe","8":"first","9":"outofstock","10":"shipping-taxable","11":"purchasable","12":"product-type-simple"},"acf":[],"_links":{"self":[{"href":"https:\/\/hardwarexchange.shop\/it\/wp-json\/wp\/v2\/product\/94709","targetHints":{"allow":["GET"]}}],"collection":[{"href":"https:\/\/hardwarexchange.shop\/it\/wp-json\/wp\/v2\/product"}],"about":[{"href":"https:\/\/hardwarexchange.shop\/it\/wp-json\/wp\/v2\/types\/product"}],"wp:attachment":[{"href":"https:\/\/hardwarexchange.shop\/it\/wp-json\/wp\/v2\/media?parent=94709"}],"wp:term":[{"taxonomy":"product_brand","embeddable":true,"href":"https:\/\/hardwarexchange.shop\/it\/wp-json\/wp\/v2\/product_brand?post=94709"},{"taxonomy":"product_cat","embeddable":true,"href":"https:\/\/hardwarexchange.shop\/it\/wp-json\/wp\/v2\/product_cat?post=94709"},{"taxonomy":"product_tag","embeddable":true,"href":"https:\/\/hardwarexchange.shop\/it\/wp-json\/wp\/v2\/product_tag?post=94709"}],"curies":[{"name":"wp","href":"https:\/\/api.w.org\/{rel}","templated":true}]}}