{"id":94880,"date":"2026-05-13T07:17:50","date_gmt":"2026-05-13T06:17:50","guid":{"rendered":"https:\/\/hardwarexchange.shop\/produit\/jardiniere-en-bois-avec-3-cubes-en-zinc-34x12-x-h34cm-pots-de-fleurs-10x8xh9cm-gris-argent-bois-et-metal\/"},"modified":"2026-05-13T07:18:10","modified_gmt":"2026-05-13T06:18:10","slug":"jardiniere-en-bois-avec-3-cubes-en-zinc-34x12-x-h34cm-pots-de-fleurs-10x8xh9cm-gris-argent-bois-et-metal","status":"publish","type":"product","link":"https:\/\/hardwarexchange.shop\/it\/produit\/jardiniere-en-bois-avec-3-cubes-en-zinc-34x12-x-h34cm-pots-de-fleurs-10x8xh9cm-gris-argent-bois-et-metal\/","title":{"rendered":"Jardini\u00e8re en bois avec 3 cubes en zinc 34&#215;12 x h34cm Pots de fleurs 10x8xh9cm &#8211; Gris \/ argent, Bois et m\u00e9tal"},"content":{"rendered":"\n<p>Jardini\u00e8re en bois avec 3 cubes en zinc, 34\u00d712 x h34cm, Pots de fleurs 10x8xh9cm.<br>Le produit est fabriqu\u00e9 ou fini \u00e0 la main sur commande et a donc un aspect artisanal et irr\u00e9gulier, qui fait son charme.<br>Produit en Asie, fini en Espagne. <br>S\u00e9lectionn\u00e9 pour son charme traditionnel par HardwarExchange.<\/p>\n","protected":false},"excerpt":{"rendered":"<p>Jardini\u00e8re en bois avec 3 cubes en zinc, 34\u00d712 x h34cm, Pots de fleurs 10x8xh9cm.Le produit est fabriqu\u00e9 ou fini \u00e0 la main sur commande et a donc un aspect artisanal et irr\u00e9gulier, qui fait son charme.Produit en Asie, fini en Espagne. S\u00e9lectionn\u00e9 pour son charme traditionnel par HardwarExchange.<\/p>\n","protected":false},"featured_media":94881,"template":"","meta":{"_acf_changed":false},"product_brand":[],"product_cat":[15],"product_tag":[],"class_list":{"0":"post-94880","1":"product","2":"type-product","3":"status-publish","4":"has-post-thumbnail","6":"product_cat-sans-categorie","7":"product_shipping_class-xsxxs","8":"pa_couleur-gris-argent","9":"pa_materiau-bois-et-metal","11":"first","12":"instock","13":"purchasable","14":"product-type-simple"},"acf":[],"_links":{"self":[{"href":"https:\/\/hardwarexchange.shop\/it\/wp-json\/wp\/v2\/product\/94880","targetHints":{"allow":["GET"]}}],"collection":[{"href":"https:\/\/hardwarexchange.shop\/it\/wp-json\/wp\/v2\/product"}],"about":[{"href":"https:\/\/hardwarexchange.shop\/it\/wp-json\/wp\/v2\/types\/product"}],"wp:featuredmedia":[{"embeddable":true,"href":"https:\/\/hardwarexchange.shop\/it\/wp-json\/wp\/v2\/media\/94881"}],"wp:attachment":[{"href":"https:\/\/hardwarexchange.shop\/it\/wp-json\/wp\/v2\/media?parent=94880"}],"wp:term":[{"taxonomy":"product_brand","embeddable":true,"href":"https:\/\/hardwarexchange.shop\/it\/wp-json\/wp\/v2\/product_brand?post=94880"},{"taxonomy":"product_cat","embeddable":true,"href":"https:\/\/hardwarexchange.shop\/it\/wp-json\/wp\/v2\/product_cat?post=94880"},{"taxonomy":"product_tag","embeddable":true,"href":"https:\/\/hardwarexchange.shop\/it\/wp-json\/wp\/v2\/product_tag?post=94880"}],"curies":[{"name":"wp","href":"https:\/\/api.w.org\/{rel}","templated":true}]}}