{"id":94922,"date":"2026-05-13T07:18:34","date_gmt":"2026-05-13T06:18:34","guid":{"rendered":"https:\/\/hardwarexchange.shop\/produit\/jardiniere-banc-en-bois-blanc-27x14-x-h21cm-avec-2-cubes-en-zinc-10x10cm\/"},"modified":"2026-05-13T07:18:44","modified_gmt":"2026-05-13T06:18:44","slug":"jardiniere-banc-en-bois-blanc-27x14-x-h21cm-avec-2-cubes-en-zinc-10x10cm","status":"publish","type":"product","link":"https:\/\/hardwarexchange.shop\/it\/produit\/jardiniere-banc-en-bois-blanc-27x14-x-h21cm-avec-2-cubes-en-zinc-10x10cm\/","title":{"rendered":"Jardini\u00e8re Banc en bois blanc 27&#215;14 x h21cm avec 2 cubes en zinc 10x10cm"},"content":{"rendered":"\n<p>Jardini\u00e8re Banc en bois avec 2 cubes, Banc : 27\u00d714 x h21cm, Cubes 10x10cm<br>Le produit est fabriqu\u00e9 ou fini \u00e0 la main sur commande et a donc un aspect artisanal et irr\u00e9gulier, qui fait son charme.<br>Produit en Asie, fini en Espagne. <br>S\u00e9lectionn\u00e9 pour son charme traditionnel par HardwarExchange.<\/p>\n","protected":false},"excerpt":{"rendered":"<p>Jardini\u00e8re Banc en bois avec 2 cubes, Banc : 27\u00d714 x h21cm, Cubes 10x10cmLe produit est fabriqu\u00e9 ou fini \u00e0 la main sur commande et a donc un aspect artisanal et irr\u00e9gulier, qui fait son charme.Produit en Asie, fini en Espagne. S\u00e9lectionn\u00e9 pour son charme traditionnel par HardwarExchange.<\/p>\n","protected":false},"featured_media":94923,"template":"","meta":{"_acf_changed":false},"product_brand":[],"product_cat":[15],"product_tag":[],"class_list":{"0":"post-94922","1":"product","2":"type-product","3":"status-publish","4":"has-post-thumbnail","6":"product_cat-sans-categorie","7":"product_shipping_class-xsxxs","8":"pa_couleur-blanc","9":"pa_materiau-bois","11":"first","12":"instock","13":"purchasable","14":"product-type-simple"},"acf":[],"_links":{"self":[{"href":"https:\/\/hardwarexchange.shop\/it\/wp-json\/wp\/v2\/product\/94922","targetHints":{"allow":["GET"]}}],"collection":[{"href":"https:\/\/hardwarexchange.shop\/it\/wp-json\/wp\/v2\/product"}],"about":[{"href":"https:\/\/hardwarexchange.shop\/it\/wp-json\/wp\/v2\/types\/product"}],"wp:featuredmedia":[{"embeddable":true,"href":"https:\/\/hardwarexchange.shop\/it\/wp-json\/wp\/v2\/media\/94923"}],"wp:attachment":[{"href":"https:\/\/hardwarexchange.shop\/it\/wp-json\/wp\/v2\/media?parent=94922"}],"wp:term":[{"taxonomy":"product_brand","embeddable":true,"href":"https:\/\/hardwarexchange.shop\/it\/wp-json\/wp\/v2\/product_brand?post=94922"},{"taxonomy":"product_cat","embeddable":true,"href":"https:\/\/hardwarexchange.shop\/it\/wp-json\/wp\/v2\/product_cat?post=94922"},{"taxonomy":"product_tag","embeddable":true,"href":"https:\/\/hardwarexchange.shop\/it\/wp-json\/wp\/v2\/product_tag?post=94922"}],"curies":[{"name":"wp","href":"https:\/\/api.w.org\/{rel}","templated":true}]}}