{"id":94939,"date":"2026-05-13T07:18:34","date_gmt":"2026-05-13T06:18:34","guid":{"rendered":"https:\/\/hardwarexchange.shop\/produit\/pots-de-fleurs-ronds-en-fer-peint-gris-d-18-x-haut-17cm-d-20-x-haut-19cm-d-22-x-haut-21cm-lot-de-3-gris-argent\/"},"modified":"2026-05-13T07:19:00","modified_gmt":"2026-05-13T06:19:00","slug":"pots-de-fleurs-ronds-en-fer-peint-gris-d-18-x-haut-17cm-d-20-x-haut-19cm-d-22-x-haut-21cm-lot-de-3-gris-argent","status":"publish","type":"product","link":"https:\/\/hardwarexchange.shop\/it\/produit\/pots-de-fleurs-ronds-en-fer-peint-gris-d-18-x-haut-17cm-d-20-x-haut-19cm-d-22-x-haut-21cm-lot-de-3-gris-argent\/","title":{"rendered":"Pots de fleurs ronds en fer peint gris D 18 x haut 17cm- D 20 x haut 19cm- D 22 x haut 21cm Lot de 3 &#8211; Gris \/ argent"},"content":{"rendered":"\n<p>Pots de fleurs ronds en fer, 3 pi\u00e8ces: Diam\u00e8tre 18 x hauteur 17cm, Diam\u00e8tre 20 x hauteur 19cm, Diam\u00e8tre 22 x hauteur 21cm.<br>Le produit est fabriqu\u00e9 ou fini \u00e0 la main sur commande et a donc un aspect artisanal et irr\u00e9gulier, qui fait son charme.<br>Produit en Asie, fini en Espagne. <br>S\u00e9lectionn\u00e9 pour son charme traditionnel par HardwarExchange.<\/p>\n","protected":false},"excerpt":{"rendered":"<p>Pots de fleurs ronds en fer, 3 pi\u00e8ces: Diam\u00e8tre 18 x hauteur 17cm, Diam\u00e8tre 20 x hauteur 19cm, Diam\u00e8tre 22 x hauteur 21cm.Le produit est fabriqu\u00e9 ou fini \u00e0 la main sur commande et a donc un aspect artisanal et irr\u00e9gulier, qui fait son charme.Produit en Asie, fini en Espagne. S\u00e9lectionn\u00e9 pour son charme traditionnel [&hellip;]<\/p>\n","protected":false},"featured_media":94940,"template":"","meta":{"_acf_changed":false},"product_brand":[],"product_cat":[15],"product_tag":[],"class_list":{"0":"post-94939","1":"product","2":"type-product","3":"status-publish","4":"has-post-thumbnail","6":"product_cat-sans-categorie","7":"product_shipping_class-xsxxs","8":"pa_couleur-gris-argent","9":"pa_materiau-fer","11":"first","12":"instock","13":"purchasable","14":"product-type-simple"},"acf":[],"_links":{"self":[{"href":"https:\/\/hardwarexchange.shop\/it\/wp-json\/wp\/v2\/product\/94939","targetHints":{"allow":["GET"]}}],"collection":[{"href":"https:\/\/hardwarexchange.shop\/it\/wp-json\/wp\/v2\/product"}],"about":[{"href":"https:\/\/hardwarexchange.shop\/it\/wp-json\/wp\/v2\/types\/product"}],"wp:featuredmedia":[{"embeddable":true,"href":"https:\/\/hardwarexchange.shop\/it\/wp-json\/wp\/v2\/media\/94940"}],"wp:attachment":[{"href":"https:\/\/hardwarexchange.shop\/it\/wp-json\/wp\/v2\/media?parent=94939"}],"wp:term":[{"taxonomy":"product_brand","embeddable":true,"href":"https:\/\/hardwarexchange.shop\/it\/wp-json\/wp\/v2\/product_brand?post=94939"},{"taxonomy":"product_cat","embeddable":true,"href":"https:\/\/hardwarexchange.shop\/it\/wp-json\/wp\/v2\/product_cat?post=94939"},{"taxonomy":"product_tag","embeddable":true,"href":"https:\/\/hardwarexchange.shop\/it\/wp-json\/wp\/v2\/product_tag?post=94939"}],"curies":[{"name":"wp","href":"https:\/\/api.w.org\/{rel}","templated":true}]}}